{"id":843,"date":"2016-10-06T15:45:09","date_gmt":"2016-10-06T15:45:09","guid":{"rendered":"http:\/\/www.ciro.herzegovinabike.ba\/?page_id=63"},"modified":"2022-11-21T13:32:40","modified_gmt":"2022-11-21T12:32:40","slug":"korisni-linkovi","status":"publish","type":"page","link":"https:\/\/ciro-trail.com\/en\/dobro-je-znati\/korisni-linkovi\/","title":{"rendered":"Useful informations"},"content":{"rendered":"<div class=\"row vc_row wpb_row vc_row-fluid\"><div class=\"bs-vc-wrapper\"><div class=\"wpb_column bs-vc-column vc_column_container vc_col-sm-12\"><div class=\"bs-vc-wrapper wpb_wrapper\">\n\t<div class=\"wpb_text_column wpb_content_element  bs-vc-block\" >\n\t\t<div class=\"wpb_wrapper\">\n\t\t\t<h5><strong>TOURIST BOARDS<\/strong><\/h5>\n<p><strong>1. Bosnia and Herzegovina<\/strong><\/p>\n<ul>\n<li><a title=\"TZ FBiH\" href=\"http:\/\/www.tourism.ba\/loc\/\" target=\"_blank\" rel=\"noopener\">Tourist board of FBiH<\/a><\/li>\n<li><a title=\"TZ HN\u017d\" href=\"http:\/\/www.hercegovina.ba\/\" target=\"_blank\" rel=\"noopener\">Tourist Board of Herzegovina-Neretva County\/Canton<\/a><\/li>\n<li><a href=\"https:\/\/gotrebinje.com\/\" target=\"_blank\" rel=\"noopener\">Tourist organization of the City of Trebinje<\/a><\/li>\n<\/ul>\n<p><strong>2. Croatia<\/strong><\/p>\n<ul>\n<li><a href=\"https:\/\/tzdubrovnik.hr\/\" target=\"_blank\" rel=\"noopener\">Tourist Board of the City of Dubrovnik<\/a><\/li>\n<li><a href=\"https:\/\/visit.cavtat-konavle.com\/hr\" target=\"_blank\" rel=\"noopener\">Tourist board of Konavle municipality<\/a><\/li>\n<\/ul>\n<p><strong>3. Montenegro\u00a0<\/strong><\/p>\n<ul>\n<li><a href=\"https:\/\/www.hercegnovi.travel\/me\/\" target=\"_blank\" rel=\"noopener\">T<\/a><a href=\"https:\/\/www.hercegnovi.travel\/me\/\" target=\"_blank\" rel=\"noopener\">ourist organization Herceg Novi<\/a><\/li>\n<\/ul>\n<p>&nbsp;<\/p>\n<h5><strong>DEVELOPMENT AGENCIES<\/strong><\/h5>\n<p><strong>1. Bosnia and Herzegovina<\/strong><\/p>\n<ul>\n<li><a href=\"https:\/\/redah.ba\/\" target=\"_blank\" rel=\"noopener\">Association for economic development REDAH<\/a><\/li>\n<\/ul>\n<p><strong>2. Croatia\u00a0<\/strong><\/p>\n<ul>\n<li><a href=\"https:\/\/www.dunea.hr\/\" target=\"_blank\" rel=\"noopener\">Regional Development Agency of Dubrovnik-Neretva County DUNEA<\/a><\/li>\n<\/ul>\n<p><strong>3. Montenegro\u00a0<\/strong><\/p>\n<ul>\n<li><a href=\"http:\/\/www.agencijahnovi.me\/pocetna\" target=\"_blank\" rel=\"noopener\">Agency for construction and development of Herceg Novi<\/a><\/li>\n<\/ul>\n<p>&nbsp;<\/p>\n<h5><strong>CYCLING CLUBS<\/strong><\/h5>\n<ul>\n<li><a href=\"https:\/\/www.herzegovinabike.ba\/\" target=\"_blank\" rel=\"noopener\">HerzegovinaBike Association<\/a><\/li>\n<li><a title=\"BK Mostar\" href=\"http:\/\/bkmostar.ba\/\" target=\"_blank\" rel=\"noopener\">Cycling Club Mostar<\/a><\/li>\n<li><a href=\"https:\/\/zipline.ba\/home\/\" target=\"_blank\" rel=\"noopener\">MTBA Mostar<\/a><\/li>\n<li><a href=\"https:\/\/www.facebook.com\/profile.php?id=100057054715866\" target=\"_blank\" rel=\"noopener\">Cycling club \u010capljina<\/a><\/li>\n<li><a href=\"https:\/\/www.facebook.com\/biciklistickiklub.neum\" target=\"_blank\" rel=\"noopener\">Cycling club Neum<\/a><\/li>\n<li><a href=\"https:\/\/www.vucjizub.org\/category\/biciklisticki-klub-vucji-zub\/\" target=\"_blank\" rel=\"noopener\">Cycling club Vucji Zub<\/a><\/li>\n<li><a href=\"https:\/\/www.facebook.com\/leotarBK\" target=\"_blank\" rel=\"noopener\">Cycling club Leotar<\/a><\/li>\n<li><a href=\"https:\/\/www.facebook.com\/Biciklisti%C4%8Dki-klub-Hercegovac-100659682397976\" target=\"_blank\" rel=\"noopener\">Cycling club Hercegovac<\/a><\/li>\n<\/ul>\n<p>&nbsp;<\/p>\n<h5><strong>CITIES AND MUNICIPALITIES<\/strong><\/h5>\n<p>1. Bosnia and Herzegovina<\/p>\n<ul>\n<li><a href=\"http:\/\/www.mostar.ba\/\" target=\"_blank\" rel=\"noopener\">Mostar<\/a><\/li>\n<li><b><\/b><a href=\"http:\/\/www.capljina.ba\/\" target=\"_blank\" rel=\"noopener\">\u010capljina<\/a><\/li>\n<li><a href=\"http:\/\/www.citluk.ba\/\" target=\"_blank\" rel=\"noopener\">\u010citluk<\/a><\/li>\n<li><a href=\"http:\/\/www.neum.ba\/\" target=\"_blank\" rel=\"noopener\">Neum<\/a><\/li>\n<li><a href=\"http:\/\/www.ravno.ba\/\" target=\"_blank\" rel=\"noopener\">Ravno<\/a><\/li>\n<li><a href=\"https:\/\/stolac.gov.ba\/\" target=\"_blank\" rel=\"noopener\">Stolac<\/a><\/li>\n<li><a href=\"http:\/\/www.trebinje.rs.ba\/\" target=\"_blank\" rel=\"noopener\">Trebinje<\/a><\/li>\n<li><a href=\"https:\/\/www.opstinabileca.ba\/\" target=\"_blank\" rel=\"noopener\">Bile\u0107a<\/a><\/li>\n<\/ul>\n<p>2. Croatia<\/p>\n<ul>\n<li><a href=\"https:\/\/www.dubrovnik.hr\/\" target=\"_blank\" rel=\"noopener\">Dubrovnik<\/a><\/li>\n<li><a href=\"https:\/\/www.opcinakonavle.hr\/\" target=\"_blank\" rel=\"noopener\">Konavle<\/a><\/li>\n<\/ul>\n<p>3. Montenegro<\/p>\n<ul>\n<li><a href=\"https:\/\/hercegnovi.me\/sr\/\" target=\"_blank\" rel=\"noopener\">Herceg Novi<\/a><\/li>\n<li><a href=\"http:\/\/niksic.me\/\" target=\"_blank\" rel=\"noopener\">Nik\u0161i\u0107<\/a><\/li>\n<\/ul>\n\n\t\t<\/div>\n\t<\/div>\n<\/div><\/div><\/div><\/div>","protected":false},"excerpt":{"rendered":"TURISTI\u010cKE ZAJEDNICE 1. Bosna i Hercegovina Turisti\u010dka zajednica FBiH Turisti\u010dka zajednica Hercegova\u010dko-neretvanske \u017eupanije\/kantona Turisti\u010dka organizacija Grada Trebinja 2. Hrvatska Turisti\u010dka zajednica Grada Dubrovnika Turisti\u010dka zajednica op\u0107ine Konavle 3. Crna Gora\u00a0 Turisti\u010dka organizacija Herceg Novi &nbsp; RAZVOJNE AGENCIJE 1. Bosna i Hercegovina Asocijacija za gospodarski razvitak REDAH 2. Hrvatska\u00a0 Regionalna razvojna agencija Dubrova\u010dko-neretvanske \u017eupanije DUNEA 3. [...]","protected":false},"author":1,"featured_media":0,"parent":840,"menu_order":0,"comment_status":"closed","ping_status":"closed","template":"","meta":{"footnotes":""},"class_list":["post-843","page","type-page","status-publish","hentry"],"yoast_head":"<!-- This site is optimized with the Yoast SEO Premium plugin v19.4 (Yoast SEO v27.3) - https:\/\/yoast.com\/product\/yoast-seo-premium-wordpress\/ -->\n<title>Korisni linkovi - \u0106iro Trail<\/title>\n<meta name=\"robots\" content=\"index, follow, max-snippet:-1, max-image-preview:large, max-video-preview:-1\" \/>\n<link rel=\"canonical\" href=\"https:\/\/ciro-trail.com\/en\/dobro-je-znati\/korisni-linkovi\/\" \/>\n<meta property=\"og:locale\" content=\"en_US\" \/>\n<meta property=\"og:type\" content=\"article\" \/>\n<meta property=\"og:title\" content=\"Korisni linkovi\" \/>\n<meta property=\"og:url\" content=\"https:\/\/ciro-trail.com\/en\/dobro-je-znati\/korisni-linkovi\/\" \/>\n<meta property=\"og:site_name\" content=\"\u0106iro Trail\" \/>\n<meta property=\"article:publisher\" content=\"https:\/\/www.facebook.com\/CiroTrail\" \/>\n<meta property=\"article:modified_time\" content=\"2022-11-21T12:32:40+00:00\" \/>\n<meta property=\"og:image\" content=\"https:\/\/ciro-trail.com\/wp-content\/uploads\/2022\/11\/275862836_4869017069879983_4957678225541218879_n.jpeg\" \/>\n\t<meta property=\"og:image:width\" content=\"1200\" \/>\n\t<meta property=\"og:image:height\" content=\"800\" \/>\n\t<meta property=\"og:image:type\" content=\"image\/jpeg\" \/>\n<meta name=\"twitter:card\" content=\"summary_large_image\" \/>\n<meta name=\"twitter:label1\" content=\"Est. reading time\" \/>\n\t<meta name=\"twitter:data1\" content=\"1 minute\" \/>\n<script type=\"application\/ld+json\" class=\"yoast-schema-graph\">{\"@context\":\"https:\\\/\\\/schema.org\",\"@graph\":[{\"@type\":\"WebPage\",\"@id\":\"https:\\\/\\\/ciro-trail.com\\\/dobro-je-znati\\\/korisni-linkovi\\\/\",\"url\":\"https:\\\/\\\/ciro-trail.com\\\/dobro-je-znati\\\/korisni-linkovi\\\/\",\"name\":\"Korisni linkovi - \u0106iro Trail\",\"isPartOf\":{\"@id\":\"https:\\\/\\\/ciro-trail.com\\\/#website\"},\"datePublished\":\"2016-10-06T15:45:09+00:00\",\"dateModified\":\"2022-11-21T12:32:40+00:00\",\"breadcrumb\":{\"@id\":\"https:\\\/\\\/ciro-trail.com\\\/dobro-je-znati\\\/korisni-linkovi\\\/#breadcrumb\"},\"inLanguage\":\"en-US\",\"potentialAction\":[{\"@type\":\"ReadAction\",\"target\":[\"https:\\\/\\\/ciro-trail.com\\\/dobro-je-znati\\\/korisni-linkovi\\\/\"]}]},{\"@type\":\"BreadcrumbList\",\"@id\":\"https:\\\/\\\/ciro-trail.com\\\/dobro-je-znati\\\/korisni-linkovi\\\/#breadcrumb\",\"itemListElement\":[{\"@type\":\"ListItem\",\"position\":1,\"name\":\"Home\",\"item\":\"https:\\\/\\\/ciro-trail.com\\\/\"},{\"@type\":\"ListItem\",\"position\":2,\"name\":\"Dobro je znati\",\"item\":\"https:\\\/\\\/ciro-trail.com\\\/dobro-je-znati\\\/\"},{\"@type\":\"ListItem\",\"position\":3,\"name\":\"Korisni linkovi\"}]},{\"@type\":\"WebSite\",\"@id\":\"https:\\\/\\\/ciro-trail.com\\\/#website\",\"url\":\"https:\\\/\\\/ciro-trail.com\\\/\",\"name\":\"\u0106iro Trail\",\"description\":\"Bicikliranjem kroz povijest\",\"publisher\":{\"@id\":\"https:\\\/\\\/ciro-trail.com\\\/#organization\"},\"potentialAction\":[{\"@type\":\"SearchAction\",\"target\":{\"@type\":\"EntryPoint\",\"urlTemplate\":\"https:\\\/\\\/ciro-trail.com\\\/?s={search_term_string}\"},\"query-input\":{\"@type\":\"PropertyValueSpecification\",\"valueRequired\":true,\"valueName\":\"search_term_string\"}}],\"inLanguage\":\"en-US\"},{\"@type\":\"Organization\",\"@id\":\"https:\\\/\\\/ciro-trail.com\\\/#organization\",\"name\":\"\u0106iro Trail\",\"url\":\"https:\\\/\\\/ciro-trail.com\\\/\",\"logo\":{\"@type\":\"ImageObject\",\"inLanguage\":\"en-US\",\"@id\":\"https:\\\/\\\/ciro-trail.com\\\/#\\\/schema\\\/logo\\\/image\\\/\",\"url\":\"https:\\\/\\\/ciro-trail.com\\\/wp-content\\\/uploads\\\/2022\\\/11\\\/cropped-logo-ciro-trail.png\",\"contentUrl\":\"https:\\\/\\\/ciro-trail.com\\\/wp-content\\\/uploads\\\/2022\\\/11\\\/cropped-logo-ciro-trail.png\",\"width\":512,\"height\":512,\"caption\":\"\u0106iro Trail\"},\"image\":{\"@id\":\"https:\\\/\\\/ciro-trail.com\\\/#\\\/schema\\\/logo\\\/image\\\/\"},\"sameAs\":[\"https:\\\/\\\/www.facebook.com\\\/CiroTrail\",\"https:\\\/\\\/www.instagram.com\\\/ciro_trail\\\/?hl=en\"]}]}<\/script>\n<!-- \/ Yoast SEO Premium plugin. -->","yoast_head_json":{"title":"Korisni linkovi - \u0106iro Trail","robots":{"index":"index","follow":"follow","max-snippet":"max-snippet:-1","max-image-preview":"max-image-preview:large","max-video-preview":"max-video-preview:-1"},"canonical":"https:\/\/ciro-trail.com\/en\/dobro-je-znati\/korisni-linkovi\/","og_locale":"en_US","og_type":"article","og_title":"Korisni linkovi","og_url":"https:\/\/ciro-trail.com\/en\/dobro-je-znati\/korisni-linkovi\/","og_site_name":"\u0106iro Trail","article_publisher":"https:\/\/www.facebook.com\/CiroTrail","article_modified_time":"2022-11-21T12:32:40+00:00","og_image":[{"width":1200,"height":800,"url":"https:\/\/ciro-trail.com\/wp-content\/uploads\/2022\/11\/275862836_4869017069879983_4957678225541218879_n.jpeg","type":"image\/jpeg"}],"twitter_card":"summary_large_image","twitter_misc":{"Est. reading time":"1 minute"},"schema":{"@context":"https:\/\/schema.org","@graph":[{"@type":"WebPage","@id":"https:\/\/ciro-trail.com\/dobro-je-znati\/korisni-linkovi\/","url":"https:\/\/ciro-trail.com\/dobro-je-znati\/korisni-linkovi\/","name":"Korisni linkovi - \u0106iro Trail","isPartOf":{"@id":"https:\/\/ciro-trail.com\/#website"},"datePublished":"2016-10-06T15:45:09+00:00","dateModified":"2022-11-21T12:32:40+00:00","breadcrumb":{"@id":"https:\/\/ciro-trail.com\/dobro-je-znati\/korisni-linkovi\/#breadcrumb"},"inLanguage":"en-US","potentialAction":[{"@type":"ReadAction","target":["https:\/\/ciro-trail.com\/dobro-je-znati\/korisni-linkovi\/"]}]},{"@type":"BreadcrumbList","@id":"https:\/\/ciro-trail.com\/dobro-je-znati\/korisni-linkovi\/#breadcrumb","itemListElement":[{"@type":"ListItem","position":1,"name":"Home","item":"https:\/\/ciro-trail.com\/"},{"@type":"ListItem","position":2,"name":"Dobro je znati","item":"https:\/\/ciro-trail.com\/dobro-je-znati\/"},{"@type":"ListItem","position":3,"name":"Korisni linkovi"}]},{"@type":"WebSite","@id":"https:\/\/ciro-trail.com\/#website","url":"https:\/\/ciro-trail.com\/","name":"Ciro Trail","description":"Bicikliranjem kroz povijest","publisher":{"@id":"https:\/\/ciro-trail.com\/#organization"},"potentialAction":[{"@type":"SearchAction","target":{"@type":"EntryPoint","urlTemplate":"https:\/\/ciro-trail.com\/?s={search_term_string}"},"query-input":{"@type":"PropertyValueSpecification","valueRequired":true,"valueName":"search_term_string"}}],"inLanguage":"en-US"},{"@type":"Organization","@id":"https:\/\/ciro-trail.com\/#organization","name":"Ciro Trail","url":"https:\/\/ciro-trail.com\/","logo":{"@type":"ImageObject","inLanguage":"en-US","@id":"https:\/\/ciro-trail.com\/#\/schema\/logo\/image\/","url":"https:\/\/ciro-trail.com\/wp-content\/uploads\/2022\/11\/cropped-logo-ciro-trail.png","contentUrl":"https:\/\/ciro-trail.com\/wp-content\/uploads\/2022\/11\/cropped-logo-ciro-trail.png","width":512,"height":512,"caption":"\u0106iro Trail"},"image":{"@id":"https:\/\/ciro-trail.com\/#\/schema\/logo\/image\/"},"sameAs":["https:\/\/www.facebook.com\/CiroTrail","https:\/\/www.instagram.com\/ciro_trail\/?hl=en"]}]}},"_links":{"self":[{"href":"https:\/\/ciro-trail.com\/en\/wp-json\/wp\/v2\/pages\/843","targetHints":{"allow":["GET"]}}],"collection":[{"href":"https:\/\/ciro-trail.com\/en\/wp-json\/wp\/v2\/pages"}],"about":[{"href":"https:\/\/ciro-trail.com\/en\/wp-json\/wp\/v2\/types\/page"}],"author":[{"embeddable":true,"href":"https:\/\/ciro-trail.com\/en\/wp-json\/wp\/v2\/users\/1"}],"replies":[{"embeddable":true,"href":"https:\/\/ciro-trail.com\/en\/wp-json\/wp\/v2\/comments?post=843"}],"version-history":[{"count":8,"href":"https:\/\/ciro-trail.com\/en\/wp-json\/wp\/v2\/pages\/843\/revisions"}],"predecessor-version":[{"id":2333,"href":"https:\/\/ciro-trail.com\/en\/wp-json\/wp\/v2\/pages\/843\/revisions\/2333"}],"up":[{"embeddable":true,"href":"https:\/\/ciro-trail.com\/en\/wp-json\/wp\/v2\/pages\/840"}],"wp:attachment":[{"href":"https:\/\/ciro-trail.com\/en\/wp-json\/wp\/v2\/media?parent=843"}],"curies":[{"name":"wp","href":"https:\/\/api.w.org\/{rel}","templated":true}]}}