{"id":825,"date":"2016-10-06T14:39:29","date_gmt":"2016-10-06T14:39:29","guid":{"rendered":"http:\/\/www.ciro.herzegovinabike.ba\/?page_id=37"},"modified":"2016-10-06T14:39:29","modified_gmt":"2016-10-06T14:39:29","slug":"uvod","status":"publish","type":"page","link":"https:\/\/ciro-trail.com\/en\/povijest_cire\/uvod\/","title":{"rendered":"About Ciro"},"content":{"rendered":"<p style=\"text-align: left;\">The Austro-Hungarian monarchy, which ruled the territory of Bosnia and Herzegovina at the end of the 19th and the beginning of the 20th century, built a network of narrow-gauge railways (track width 0.76 m). The railways were built primarily as strategic military facilities and they connected the southern Adriatic ports with cities in the hinterland and with Central Europe.<\/p>\n<p style=\"text-align: left;\">The railways in Herzegovina were built as part of the Southern Railway, and the first section of that railway from Metkovi\u0107 to Mostar, with a length of 42.4 km, was put into service on June 13, 1885. year, while the line from Gabela to Zelenika in Boka Kotorska (Montenegro) is 155.5 km long, with branches from Hum to Trebinje (16.7 km) and Uskoplje to Gru\u017e in Dubrovnik in the Republic of Croatia (16.5 km). , put into circulation in 1901.<\/p>\n<p style=\"text-align: left;\">The narrow-gauge railway served people, connecting countries, regions, peoples and cultures. For the peoples from these areas, they were lifelines, they enabled them to have a better life and all kinds of progress, and they left traces of civilization in the places through which \u0106iro drove, <em>hu\u010dio,<\/em> <em>tukao, zvi\u017edao<\/em> i paru ispu\u0161tao vi\u0161e desetlje\u0107a.<\/p>\n<p style=\"text-align: left;\">The people called the tracks \"\u0161treke\" <em>streke<\/em>, and he called the trains pulled by a steam locomotive <em>gemisteri<\/em> (mixed trains), <em>snelcug<\/em> (fast trains) and personal (passenger trains). The nickname \u0106iro was imposed before the very abolition of the narrow-gauge railways, but it remains recognizable among the people even today.<\/p>\n<p style=\"text-align: left;\">The narrow-gauge railway or narrow-gauge railway Gabel - Zelenika was discontinued in 1976. During its existence, the narrow-gauge railway changed five state regulations.<\/p>\n<p style=\"text-align: center;\"><iframe loading=\"lazy\" src=\"https:\/\/www.youtube.com\/embed\/6KOcmxAtfug\" width=\"560\" height=\"315\" frameborder=\"0\" allowfullscreen=\"allowfullscreen\"><\/iframe><\/p>","protected":false},"excerpt":{"rendered":"<p>Austro-Ugarska monarhija, koja je vladala podru\u010djem BiH krajem 19. i po\u010detkom 20. stolje\u0107a izgradila je mre\u017eu \u017eeljezni\u010dkih pruga uskog kolosijeka (kolosijek \u0161irina 0,76 m). Pruge je izgradila prvenstveno kao strate\u0161ke vojne objekte i one su povezivale ju\u017ene jadranske luke s gradovima u zale\u0111u i sa srednjom Europom. Pruge u Hercegovini izgra\u0111ene su kao dio Ju\u017ene [&hellip;]<\/p>","protected":false},"author":1,"featured_media":0,"parent":814,"menu_order":0,"comment_status":"closed","ping_status":"closed","template":"","meta":{"footnotes":""},"class_list":["post-825","page","type-page","status-publish","hentry"],"yoast_head":"<!-- This site is optimized with the Yoast SEO Premium plugin v19.4 (Yoast SEO v27.4) - https:\/\/yoast.com\/product\/yoast-seo-premium-wordpress\/ -->\n<title>O \u0106iri - \u0106iro Trail<\/title>\n<meta name=\"robots\" content=\"index, follow, max-snippet:-1, max-image-preview:large, max-video-preview:-1\" \/>\n<link rel=\"canonical\" href=\"https:\/\/ciro-trail.com\/en\/povijest_cire\/uvod\/\" \/>\n<meta property=\"og:locale\" content=\"en_US\" \/>\n<meta property=\"og:type\" content=\"article\" \/>\n<meta property=\"og:title\" content=\"O \u0106iri\" \/>\n<meta property=\"og:description\" content=\"Austro-Ugarska monarhija, koja je vladala podru\u010djem BiH krajem 19. i po\u010detkom 20. stolje\u0107a izgradila je mre\u017eu \u017eeljezni\u010dkih pruga uskog kolosijeka (kolosijek \u0161irina 0,76 m). Pruge je izgradila prvenstveno kao strate\u0161ke vojne objekte i one su povezivale ju\u017ene jadranske luke s gradovima u zale\u0111u i sa srednjom Europom. Pruge u Hercegovini izgra\u0111ene su kao dio Ju\u017ene [&hellip;]\" \/>\n<meta property=\"og:url\" content=\"https:\/\/ciro-trail.com\/en\/povijest_cire\/uvod\/\" \/>\n<meta property=\"og:site_name\" content=\"\u0106iro Trail\" \/>\n<meta property=\"article:publisher\" content=\"https:\/\/www.facebook.com\/CiroTrail\" \/>\n<meta property=\"og:image\" content=\"https:\/\/ciro-trail.com\/wp-content\/uploads\/2022\/11\/275862836_4869017069879983_4957678225541218879_n.jpeg\" \/>\n\t<meta property=\"og:image:width\" content=\"1200\" \/>\n\t<meta property=\"og:image:height\" content=\"800\" \/>\n\t<meta property=\"og:image:type\" content=\"image\/jpeg\" \/>\n<meta name=\"twitter:card\" content=\"summary_large_image\" \/>\n<meta name=\"twitter:label1\" content=\"Est. reading time\" \/>\n\t<meta name=\"twitter:data1\" content=\"1 minute\" \/>\n<script type=\"application\/ld+json\" class=\"yoast-schema-graph\">{\"@context\":\"https:\\\/\\\/schema.org\",\"@graph\":[{\"@type\":\"WebPage\",\"@id\":\"https:\\\/\\\/ciro-trail.com\\\/povijest_cire\\\/uvod\\\/\",\"url\":\"https:\\\/\\\/ciro-trail.com\\\/povijest_cire\\\/uvod\\\/\",\"name\":\"O \u0106iri - \u0106iro Trail\",\"isPartOf\":{\"@id\":\"https:\\\/\\\/ciro-trail.com\\\/#website\"},\"datePublished\":\"2016-10-06T14:39:29+00:00\",\"breadcrumb\":{\"@id\":\"https:\\\/\\\/ciro-trail.com\\\/povijest_cire\\\/uvod\\\/#breadcrumb\"},\"inLanguage\":\"en-US\",\"potentialAction\":[{\"@type\":\"ReadAction\",\"target\":[\"https:\\\/\\\/ciro-trail.com\\\/povijest_cire\\\/uvod\\\/\"]}]},{\"@type\":\"BreadcrumbList\",\"@id\":\"https:\\\/\\\/ciro-trail.com\\\/povijest_cire\\\/uvod\\\/#breadcrumb\",\"itemListElement\":[{\"@type\":\"ListItem\",\"position\":1,\"name\":\"Home\",\"item\":\"https:\\\/\\\/ciro-trail.com\\\/\"},{\"@type\":\"ListItem\",\"position\":2,\"name\":\"Povijest \u0106ire\",\"item\":\"https:\\\/\\\/ciro-trail.com\\\/povijest_cire\\\/\"},{\"@type\":\"ListItem\",\"position\":3,\"name\":\"O \u0106iri\"}]},{\"@type\":\"WebSite\",\"@id\":\"https:\\\/\\\/ciro-trail.com\\\/#website\",\"url\":\"https:\\\/\\\/ciro-trail.com\\\/\",\"name\":\"\u0106iro Trail\",\"description\":\"Bicikliranjem kroz povijest\",\"publisher\":{\"@id\":\"https:\\\/\\\/ciro-trail.com\\\/#organization\"},\"potentialAction\":[{\"@type\":\"SearchAction\",\"target\":{\"@type\":\"EntryPoint\",\"urlTemplate\":\"https:\\\/\\\/ciro-trail.com\\\/?s={search_term_string}\"},\"query-input\":{\"@type\":\"PropertyValueSpecification\",\"valueRequired\":true,\"valueName\":\"search_term_string\"}}],\"inLanguage\":\"en-US\"},{\"@type\":\"Organization\",\"@id\":\"https:\\\/\\\/ciro-trail.com\\\/#organization\",\"name\":\"\u0106iro Trail\",\"url\":\"https:\\\/\\\/ciro-trail.com\\\/\",\"logo\":{\"@type\":\"ImageObject\",\"inLanguage\":\"en-US\",\"@id\":\"https:\\\/\\\/ciro-trail.com\\\/#\\\/schema\\\/logo\\\/image\\\/\",\"url\":\"https:\\\/\\\/ciro-trail.com\\\/wp-content\\\/uploads\\\/2022\\\/11\\\/cropped-logo-ciro-trail.png\",\"contentUrl\":\"https:\\\/\\\/ciro-trail.com\\\/wp-content\\\/uploads\\\/2022\\\/11\\\/cropped-logo-ciro-trail.png\",\"width\":512,\"height\":512,\"caption\":\"\u0106iro Trail\"},\"image\":{\"@id\":\"https:\\\/\\\/ciro-trail.com\\\/#\\\/schema\\\/logo\\\/image\\\/\"},\"sameAs\":[\"https:\\\/\\\/www.facebook.com\\\/CiroTrail\",\"https:\\\/\\\/www.instagram.com\\\/ciro_trail\\\/?hl=en\"]}]}<\/script>\n<!-- \/ Yoast SEO Premium plugin. -->","yoast_head_json":{"title":"O \u0106iri - \u0106iro Trail","robots":{"index":"index","follow":"follow","max-snippet":"max-snippet:-1","max-image-preview":"max-image-preview:large","max-video-preview":"max-video-preview:-1"},"canonical":"https:\/\/ciro-trail.com\/en\/povijest_cire\/uvod\/","og_locale":"en_US","og_type":"article","og_title":"O \u0106iri","og_description":"Austro-Ugarska monarhija, koja je vladala podru\u010djem BiH krajem 19. i po\u010detkom 20. stolje\u0107a izgradila je mre\u017eu \u017eeljezni\u010dkih pruga uskog kolosijeka (kolosijek \u0161irina 0,76 m). Pruge je izgradila prvenstveno kao strate\u0161ke vojne objekte i one su povezivale ju\u017ene jadranske luke s gradovima u zale\u0111u i sa srednjom Europom. Pruge u Hercegovini izgra\u0111ene su kao dio Ju\u017ene [&hellip;]","og_url":"https:\/\/ciro-trail.com\/en\/povijest_cire\/uvod\/","og_site_name":"\u0106iro Trail","article_publisher":"https:\/\/www.facebook.com\/CiroTrail","og_image":[{"width":1200,"height":800,"url":"https:\/\/ciro-trail.com\/wp-content\/uploads\/2022\/11\/275862836_4869017069879983_4957678225541218879_n.jpeg","type":"image\/jpeg"}],"twitter_card":"summary_large_image","twitter_misc":{"Est. reading time":"1 minute"},"schema":{"@context":"https:\/\/schema.org","@graph":[{"@type":"WebPage","@id":"https:\/\/ciro-trail.com\/povijest_cire\/uvod\/","url":"https:\/\/ciro-trail.com\/povijest_cire\/uvod\/","name":"O \u0106iri - \u0106iro Trail","isPartOf":{"@id":"https:\/\/ciro-trail.com\/#website"},"datePublished":"2016-10-06T14:39:29+00:00","breadcrumb":{"@id":"https:\/\/ciro-trail.com\/povijest_cire\/uvod\/#breadcrumb"},"inLanguage":"en-US","potentialAction":[{"@type":"ReadAction","target":["https:\/\/ciro-trail.com\/povijest_cire\/uvod\/"]}]},{"@type":"BreadcrumbList","@id":"https:\/\/ciro-trail.com\/povijest_cire\/uvod\/#breadcrumb","itemListElement":[{"@type":"ListItem","position":1,"name":"Home","item":"https:\/\/ciro-trail.com\/"},{"@type":"ListItem","position":2,"name":"Povijest \u0106ire","item":"https:\/\/ciro-trail.com\/povijest_cire\/"},{"@type":"ListItem","position":3,"name":"O \u0106iri"}]},{"@type":"WebSite","@id":"https:\/\/ciro-trail.com\/#website","url":"https:\/\/ciro-trail.com\/","name":"Ciro Trail","description":"Bicikliranjem kroz povijest","publisher":{"@id":"https:\/\/ciro-trail.com\/#organization"},"potentialAction":[{"@type":"SearchAction","target":{"@type":"EntryPoint","urlTemplate":"https:\/\/ciro-trail.com\/?s={search_term_string}"},"query-input":{"@type":"PropertyValueSpecification","valueRequired":true,"valueName":"search_term_string"}}],"inLanguage":"en-US"},{"@type":"Organization","@id":"https:\/\/ciro-trail.com\/#organization","name":"Ciro Trail","url":"https:\/\/ciro-trail.com\/","logo":{"@type":"ImageObject","inLanguage":"en-US","@id":"https:\/\/ciro-trail.com\/#\/schema\/logo\/image\/","url":"https:\/\/ciro-trail.com\/wp-content\/uploads\/2022\/11\/cropped-logo-ciro-trail.png","contentUrl":"https:\/\/ciro-trail.com\/wp-content\/uploads\/2022\/11\/cropped-logo-ciro-trail.png","width":512,"height":512,"caption":"\u0106iro Trail"},"image":{"@id":"https:\/\/ciro-trail.com\/#\/schema\/logo\/image\/"},"sameAs":["https:\/\/www.facebook.com\/CiroTrail","https:\/\/www.instagram.com\/ciro_trail\/?hl=en"]}]}},"_links":{"self":[{"href":"https:\/\/ciro-trail.com\/en\/wp-json\/wp\/v2\/pages\/825","targetHints":{"allow":["GET"]}}],"collection":[{"href":"https:\/\/ciro-trail.com\/en\/wp-json\/wp\/v2\/pages"}],"about":[{"href":"https:\/\/ciro-trail.com\/en\/wp-json\/wp\/v2\/types\/page"}],"author":[{"embeddable":true,"href":"https:\/\/ciro-trail.com\/en\/wp-json\/wp\/v2\/users\/1"}],"replies":[{"embeddable":true,"href":"https:\/\/ciro-trail.com\/en\/wp-json\/wp\/v2\/comments?post=825"}],"version-history":[{"count":0,"href":"https:\/\/ciro-trail.com\/en\/wp-json\/wp\/v2\/pages\/825\/revisions"}],"up":[{"embeddable":true,"href":"https:\/\/ciro-trail.com\/en\/wp-json\/wp\/v2\/pages\/814"}],"wp:attachment":[{"href":"https:\/\/ciro-trail.com\/en\/wp-json\/wp\/v2\/media?parent=825"}],"curies":[{"name":"wp","href":"https:\/\/api.w.org\/{rel}","templated":true}]}}