{"id":1912,"date":"2022-11-18T02:46:14","date_gmt":"2022-11-18T01:46:14","guid":{"rendered":"https:\/\/ciro-trail.com\/?page_id=1912"},"modified":"2022-11-18T22:37:28","modified_gmt":"2022-11-18T21:37:28","slug":"najam-bicikala","status":"publish","type":"page","link":"https:\/\/ciro-trail.com\/en\/bike-friendly-standard\/najam-bicikala\/","title":{"rendered":"Rent a Bike"},"content":{"rendered":"<div class=\"row vc_row wpb_row vc_row-fluid\"><div class=\"bs-vc-wrapper\"><div class=\"wpb_column bs-vc-column vc_column_container vc_col-sm-12\"><div class=\"bs-vc-wrapper wpb_wrapper\"><div class=\"vc-hoverbox-wrapper  vc-hoverbox-shape--rounded vc-hoverbox-align--center vc-hoverbox-direction--default vc-hoverbox-width--100\"  ontouchstart=\"\">\n  <div class=\"vc-hoverbox\">\n    <div class=\"vc-hoverbox-inner\">\n      <div class=\"vc-hoverbox-block vc-hoverbox-front\" style=\"background-image: url(https:\/\/ciro-trail.com\/wp-content\/uploads\/2022\/11\/rennnt-a-bikemostar-1024x768.jpg);\">\n        <div class=\"vc-hoverbox-block-inner vc-hoverbox-front-inner\">\n            <h2 style=\"color: #ffffff;text-align: center;font-family:Abril Fatface;font-weight:400;font-style:normal\" class=\"vc_custom_heading\" ><a href=\"https:\/\/ciro-trail.com\/rent-a-bike-mostar\/\" title=\"RENT A BIKE MOSTAR\">RENT A BIKE MOSTAR<\/a><\/h2>\n        <\/div>\n      <\/div>\n      <div class=\"vc-hoverbox-block vc-hoverbox-back\" style=\"background-color: #ffffff;\">\n        <div class=\"vc-hoverbox-block-inner vc-hoverbox-back-inner\">\n            <h2 style=\"color: #000000;text-align: center;font-family:Abril Fatface;font-weight:400;font-style:normal\" class=\"vc_custom_heading\" ><a href=\"https:\/\/ciro-trail.com\/rent-a-bike-mostar\/\" title=\"RENT A BIKE MOSTAR\">RENT A BIKE MOSTAR<\/a><\/h2>\n            <p>Renting a bike is one of the best ways to discover the breathtaking landscapes, cycling routes and mountains in Herzegovina, in fact it is also one of the best ways to ride the \u0106iro trail.<\/p>\n<p>We offer quick and easy bike rental and bike delivery service wherever you need them.<\/p>\n<p>Choose the time to ride the city streets, bike paths or the Herzegovinian mountains. Asphalt, grass, rocky, muddy, dusty or whatever terrain you want. Ranging from premium mountain bikes to specialist city bikes, we've got it all. Just contact us and we've got you covered.<\/p>\n\n            <div class=\"vc_btn3-container vc_btn3-inline\" ><a onmouseleave=\"this.style.borderColor='#666666'; this.style.backgroundColor='transparent'; this.style.color='#666666'\" onmouseenter=\"this.style.borderColor='#666666'; this.style.backgroundColor='#666666'; this.style.color='#ffffff';\" style=\"border-color:#666666; color:#666666;\" class=\"vc_general vc_btn3 vc_btn3-size-md vc_btn3-shape-rounded vc_btn3-style-outline-custom vc_btn3-icon-left\" href=\"https:\/\/ciro-trail.com\/rent-a-bike-mostar\/\" title=\"RENT A BIKE MOSTAR\"><i class=\"vc_btn3-icon fab fa-internet-explorer\"><\/i> Learn more...<\/a><\/div>\n        <\/div>\n      <\/div>\n    <\/div>\n  <\/div>\n<\/div><\/div><\/div><\/div><\/div>","protected":false},"excerpt":{"rendered":"RENT A BIKE MOSTAR RENT A BIKE MOSTAR Iznajmljivanje bicikla jedan je od najboljih na\u010dina da otkrijete krajolike, biciklisti\u010dke rute i planine u Hercegovini koji oduzimaju dah, zapravo to je i jedan od najboljih na\u010dina za vo\u017enjnu \u0106iro stazom. Nudimo brz i jednostavan najam bicikla i uslugu dostave bicikala gdje god vam zatrebaju. Odaberite vrijeme [...]","protected":false},"author":4,"featured_media":0,"parent":1899,"menu_order":4,"comment_status":"closed","ping_status":"closed","template":"","meta":{"footnotes":""},"class_list":["post-1912","page","type-page","status-publish","hentry"],"yoast_head":"<!-- This site is optimized with the Yoast SEO Premium plugin v19.4 (Yoast SEO v27.3) - https:\/\/yoast.com\/product\/yoast-seo-premium-wordpress\/ -->\n<title>Najam bicikala - \u0106iro Trail<\/title>\n<meta name=\"robots\" content=\"index, follow, max-snippet:-1, max-image-preview:large, max-video-preview:-1\" \/>\n<link rel=\"canonical\" href=\"https:\/\/ciro-trail.com\/en\/bike-friendly-standard\/najam-bicikala\/\" \/>\n<meta property=\"og:locale\" content=\"en_US\" \/>\n<meta property=\"og:type\" content=\"article\" \/>\n<meta property=\"og:title\" content=\"Najam bicikala\" \/>\n<meta property=\"og:url\" content=\"https:\/\/ciro-trail.com\/en\/bike-friendly-standard\/najam-bicikala\/\" \/>\n<meta property=\"og:site_name\" content=\"\u0106iro Trail\" \/>\n<meta property=\"article:publisher\" content=\"https:\/\/www.facebook.com\/CiroTrail\" \/>\n<meta property=\"article:modified_time\" content=\"2022-11-18T21:37:28+00:00\" \/>\n<meta property=\"og:image\" content=\"https:\/\/ciro-trail.com\/wp-content\/uploads\/2022\/11\/275862836_4869017069879983_4957678225541218879_n.jpeg\" \/>\n\t<meta property=\"og:image:width\" content=\"1200\" \/>\n\t<meta property=\"og:image:height\" content=\"800\" \/>\n\t<meta property=\"og:image:type\" content=\"image\/jpeg\" \/>\n<meta name=\"twitter:card\" content=\"summary_large_image\" \/>\n<script type=\"application\/ld+json\" class=\"yoast-schema-graph\">{\"@context\":\"https:\\\/\\\/schema.org\",\"@graph\":[{\"@type\":\"WebPage\",\"@id\":\"https:\\\/\\\/ciro-trail.com\\\/bike-friendly-standard\\\/najam-bicikala\\\/\",\"url\":\"https:\\\/\\\/ciro-trail.com\\\/bike-friendly-standard\\\/najam-bicikala\\\/\",\"name\":\"Najam bicikala - \u0106iro Trail\",\"isPartOf\":{\"@id\":\"https:\\\/\\\/ciro-trail.com\\\/#website\"},\"datePublished\":\"2022-11-18T01:46:14+00:00\",\"dateModified\":\"2022-11-18T21:37:28+00:00\",\"breadcrumb\":{\"@id\":\"https:\\\/\\\/ciro-trail.com\\\/bike-friendly-standard\\\/najam-bicikala\\\/#breadcrumb\"},\"inLanguage\":\"en-US\",\"potentialAction\":[{\"@type\":\"ReadAction\",\"target\":[\"https:\\\/\\\/ciro-trail.com\\\/bike-friendly-standard\\\/najam-bicikala\\\/\"]}]},{\"@type\":\"BreadcrumbList\",\"@id\":\"https:\\\/\\\/ciro-trail.com\\\/bike-friendly-standard\\\/najam-bicikala\\\/#breadcrumb\",\"itemListElement\":[{\"@type\":\"ListItem\",\"position\":1,\"name\":\"Home\",\"item\":\"https:\\\/\\\/ciro-trail.com\\\/\"},{\"@type\":\"ListItem\",\"position\":2,\"name\":\"Bike Friendly Standard\",\"item\":\"https:\\\/\\\/ciro-trail.com\\\/bike-friendly-standard\\\/\"},{\"@type\":\"ListItem\",\"position\":3,\"name\":\"Najam bicikala\"}]},{\"@type\":\"WebSite\",\"@id\":\"https:\\\/\\\/ciro-trail.com\\\/#website\",\"url\":\"https:\\\/\\\/ciro-trail.com\\\/\",\"name\":\"\u0106iro Trail\",\"description\":\"Bicikliranjem kroz povijest\",\"publisher\":{\"@id\":\"https:\\\/\\\/ciro-trail.com\\\/#organization\"},\"potentialAction\":[{\"@type\":\"SearchAction\",\"target\":{\"@type\":\"EntryPoint\",\"urlTemplate\":\"https:\\\/\\\/ciro-trail.com\\\/?s={search_term_string}\"},\"query-input\":{\"@type\":\"PropertyValueSpecification\",\"valueRequired\":true,\"valueName\":\"search_term_string\"}}],\"inLanguage\":\"en-US\"},{\"@type\":\"Organization\",\"@id\":\"https:\\\/\\\/ciro-trail.com\\\/#organization\",\"name\":\"\u0106iro Trail\",\"url\":\"https:\\\/\\\/ciro-trail.com\\\/\",\"logo\":{\"@type\":\"ImageObject\",\"inLanguage\":\"en-US\",\"@id\":\"https:\\\/\\\/ciro-trail.com\\\/#\\\/schema\\\/logo\\\/image\\\/\",\"url\":\"https:\\\/\\\/ciro-trail.com\\\/wp-content\\\/uploads\\\/2022\\\/11\\\/cropped-logo-ciro-trail.png\",\"contentUrl\":\"https:\\\/\\\/ciro-trail.com\\\/wp-content\\\/uploads\\\/2022\\\/11\\\/cropped-logo-ciro-trail.png\",\"width\":512,\"height\":512,\"caption\":\"\u0106iro Trail\"},\"image\":{\"@id\":\"https:\\\/\\\/ciro-trail.com\\\/#\\\/schema\\\/logo\\\/image\\\/\"},\"sameAs\":[\"https:\\\/\\\/www.facebook.com\\\/CiroTrail\",\"https:\\\/\\\/www.instagram.com\\\/ciro_trail\\\/?hl=en\"]}]}<\/script>\n<!-- \/ Yoast SEO Premium plugin. -->","yoast_head_json":{"title":"Najam bicikala - \u0106iro Trail","robots":{"index":"index","follow":"follow","max-snippet":"max-snippet:-1","max-image-preview":"max-image-preview:large","max-video-preview":"max-video-preview:-1"},"canonical":"https:\/\/ciro-trail.com\/en\/bike-friendly-standard\/najam-bicikala\/","og_locale":"en_US","og_type":"article","og_title":"Najam bicikala","og_url":"https:\/\/ciro-trail.com\/en\/bike-friendly-standard\/najam-bicikala\/","og_site_name":"\u0106iro Trail","article_publisher":"https:\/\/www.facebook.com\/CiroTrail","article_modified_time":"2022-11-18T21:37:28+00:00","og_image":[{"width":1200,"height":800,"url":"https:\/\/ciro-trail.com\/wp-content\/uploads\/2022\/11\/275862836_4869017069879983_4957678225541218879_n.jpeg","type":"image\/jpeg"}],"twitter_card":"summary_large_image","schema":{"@context":"https:\/\/schema.org","@graph":[{"@type":"WebPage","@id":"https:\/\/ciro-trail.com\/bike-friendly-standard\/najam-bicikala\/","url":"https:\/\/ciro-trail.com\/bike-friendly-standard\/najam-bicikala\/","name":"Najam bicikala - \u0106iro Trail","isPartOf":{"@id":"https:\/\/ciro-trail.com\/#website"},"datePublished":"2022-11-18T01:46:14+00:00","dateModified":"2022-11-18T21:37:28+00:00","breadcrumb":{"@id":"https:\/\/ciro-trail.com\/bike-friendly-standard\/najam-bicikala\/#breadcrumb"},"inLanguage":"en-US","potentialAction":[{"@type":"ReadAction","target":["https:\/\/ciro-trail.com\/bike-friendly-standard\/najam-bicikala\/"]}]},{"@type":"BreadcrumbList","@id":"https:\/\/ciro-trail.com\/bike-friendly-standard\/najam-bicikala\/#breadcrumb","itemListElement":[{"@type":"ListItem","position":1,"name":"Home","item":"https:\/\/ciro-trail.com\/"},{"@type":"ListItem","position":2,"name":"Bike Friendly Standard","item":"https:\/\/ciro-trail.com\/bike-friendly-standard\/"},{"@type":"ListItem","position":3,"name":"Najam bicikala"}]},{"@type":"WebSite","@id":"https:\/\/ciro-trail.com\/#website","url":"https:\/\/ciro-trail.com\/","name":"Ciro Trail","description":"Bicikliranjem kroz povijest","publisher":{"@id":"https:\/\/ciro-trail.com\/#organization"},"potentialAction":[{"@type":"SearchAction","target":{"@type":"EntryPoint","urlTemplate":"https:\/\/ciro-trail.com\/?s={search_term_string}"},"query-input":{"@type":"PropertyValueSpecification","valueRequired":true,"valueName":"search_term_string"}}],"inLanguage":"en-US"},{"@type":"Organization","@id":"https:\/\/ciro-trail.com\/#organization","name":"Ciro Trail","url":"https:\/\/ciro-trail.com\/","logo":{"@type":"ImageObject","inLanguage":"en-US","@id":"https:\/\/ciro-trail.com\/#\/schema\/logo\/image\/","url":"https:\/\/ciro-trail.com\/wp-content\/uploads\/2022\/11\/cropped-logo-ciro-trail.png","contentUrl":"https:\/\/ciro-trail.com\/wp-content\/uploads\/2022\/11\/cropped-logo-ciro-trail.png","width":512,"height":512,"caption":"\u0106iro Trail"},"image":{"@id":"https:\/\/ciro-trail.com\/#\/schema\/logo\/image\/"},"sameAs":["https:\/\/www.facebook.com\/CiroTrail","https:\/\/www.instagram.com\/ciro_trail\/?hl=en"]}]}},"_links":{"self":[{"href":"https:\/\/ciro-trail.com\/en\/wp-json\/wp\/v2\/pages\/1912","targetHints":{"allow":["GET"]}}],"collection":[{"href":"https:\/\/ciro-trail.com\/en\/wp-json\/wp\/v2\/pages"}],"about":[{"href":"https:\/\/ciro-trail.com\/en\/wp-json\/wp\/v2\/types\/page"}],"author":[{"embeddable":true,"href":"https:\/\/ciro-trail.com\/en\/wp-json\/wp\/v2\/users\/4"}],"replies":[{"embeddable":true,"href":"https:\/\/ciro-trail.com\/en\/wp-json\/wp\/v2\/comments?post=1912"}],"version-history":[{"count":2,"href":"https:\/\/ciro-trail.com\/en\/wp-json\/wp\/v2\/pages\/1912\/revisions"}],"predecessor-version":[{"id":2257,"href":"https:\/\/ciro-trail.com\/en\/wp-json\/wp\/v2\/pages\/1912\/revisions\/2257"}],"up":[{"embeddable":true,"href":"https:\/\/ciro-trail.com\/en\/wp-json\/wp\/v2\/pages\/1899"}],"wp:attachment":[{"href":"https:\/\/ciro-trail.com\/en\/wp-json\/wp\/v2\/media?parent=1912"}],"curies":[{"name":"wp","href":"https:\/\/api.w.org\/{rel}","templated":true}]}}