{"id":1910,"date":"2022-11-18T02:45:34","date_gmt":"2022-11-18T01:45:34","guid":{"rendered":"https:\/\/ciro-trail.com\/?page_id=1910"},"modified":"2022-11-19T17:06:30","modified_gmt":"2022-11-19T16:06:30","slug":"hrana-i-pice","status":"publish","type":"page","link":"https:\/\/ciro-trail.com\/en\/bike-friendly-standard\/hrana-i-pice\/","title":{"rendered":"Food and drink"},"content":{"rendered":"<div class=\"row vc_row wpb_row vc_row-fluid\"><div class=\"bs-vc-wrapper\"><div class=\"wpb_column bs-vc-column vc_column_container vc_col-sm-12\"><div class=\"bs-vc-wrapper wpb_wrapper\"><div class=\"vc-hoverbox-wrapper  vc-hoverbox-shape--rounded vc-hoverbox-align--center vc-hoverbox-direction--default vc-hoverbox-width--100\"  ontouchstart=\"\">\n  <div class=\"vc-hoverbox\">\n    <div class=\"vc-hoverbox-inner\">\n      <div class=\"vc-hoverbox-block vc-hoverbox-front\" style=\"background-image: url(https:\/\/ciro-trail.com\/wp-content\/uploads\/2022\/11\/Jaffa-Plantaze-naslov-1170x808-1-1024x707.jpeg);\">\n        <div class=\"vc-hoverbox-block-inner vc-hoverbox-front-inner\">\n            <h2 style=\"color: #ffffff;text-align: center;font-family:Abril Fatface;font-weight:400;font-style:normal\" class=\"vc_custom_heading\" ><a href=\"https:\/\/ciro-trail.com\/jaffa-plantaze\/\">JAFFA PLANTATIONS<\/a><\/h2>\n        <\/div>\n      <\/div>\n      <div class=\"vc-hoverbox-block vc-hoverbox-back\" style=\"background-color: #ffffff;\">\n        <div class=\"vc-hoverbox-block-inner vc-hoverbox-back-inner\">\n            <h2 style=\"color: #000000;text-align: center;font-family:Abril Fatface;font-weight:400;font-style:normal\" class=\"vc_custom_heading\" ><a href=\"https:\/\/ciro-trail.com\/jaffa-plantaze\/\">JAFFA PLANTATIONS<\/a><\/h2>\n            <p>In the historically important and frequently visited Blagaj, the family company Jaffa-Komerc d.o.o. opened its doors to guests. 80 ha of plateau is available for all visitors, which can be toured by Jaffa car or by walking accompanied by a guide. There is also a summer garden where traditional Mediterranean drinks from our own production, freshly picked fruits and vegetables, as well as homemade fruit and vegetable products are available.<\/p>\n\n            <div class=\"vc_btn3-container vc_btn3-inline\" ><a onmouseleave=\"this.style.borderColor='#666666'; this.style.backgroundColor='transparent'; this.style.color='#666666'\" onmouseenter=\"this.style.borderColor='#666666'; this.style.backgroundColor='#666666'; this.style.color='#ffffff';\" style=\"border-color:#666666; color:#666666;\" class=\"vc_general vc_btn3 vc_btn3-size-md vc_btn3-shape-rounded vc_btn3-style-outline-custom vc_btn3-icon-left\" href=\"https:\/\/ciro-trail.com\/jaffa-plantaze\/\" title=\"\"><i class=\"vc_btn3-icon fab fa-internet-explorer\"><\/i> Learn more...<\/a><\/div>\n        <\/div>\n      <\/div>\n    <\/div>\n  <\/div>\n<\/div><div class=\"vc-hoverbox-wrapper  vc-hoverbox-shape--rounded vc-hoverbox-align--center vc-hoverbox-direction--default vc-hoverbox-width--100\"  ontouchstart=\"\">\n  <div class=\"vc-hoverbox\">\n    <div class=\"vc-hoverbox-inner\">\n      <div class=\"vc-hoverbox-block vc-hoverbox-front\" style=\"background-image: url(https:\/\/ciro-trail.com\/wp-content\/uploads\/2022\/11\/Slika3-Staklo.jpeg);\">\n        <div class=\"vc-hoverbox-block-inner vc-hoverbox-front-inner\">\n            <h2 style=\"color: #ffffff;text-align: center;font-family:Abril Fatface;font-weight:400;font-style:normal\" class=\"vc_custom_heading\" ><a href=\"https:\/\/ciro-trail.com\/restoran-staklo-pocitelj\/\">RESTAURANT \u201cSTAKLO\u201d PO\u010cITELJ<\/a><\/h2>\n        <\/div>\n      <\/div>\n      <div class=\"vc-hoverbox-block vc-hoverbox-back\" style=\"background-color: #ffffff;\">\n        <div class=\"vc-hoverbox-block-inner vc-hoverbox-back-inner\">\n            <h2 style=\"color: #000000;text-align: center;font-family:Abril Fatface;font-weight:400;font-style:normal\" class=\"vc_custom_heading\" ><a href=\"https:\/\/ciro-trail.com\/restoran-staklo-pocitelj\/\">RESTAURANT \u201cSTAKLO\u201d PO\u010cITELJ<\/a><\/h2>\n            <p>The Staklo Po\u010ditelj restaurant is located next to the M-17 highway in the oriental-Mediterranean Po\u010ditelj, directly below the Gavranketanova tower.<\/p>\n<p>Relax in a pleasant environment with traditional Herzegovinian specialties.<\/p>\n\n            <div class=\"vc_btn3-container vc_btn3-inline\" ><a onmouseleave=\"this.style.borderColor='#666666'; this.style.backgroundColor='transparent'; this.style.color='#666666'\" onmouseenter=\"this.style.borderColor='#666666'; this.style.backgroundColor='#666666'; this.style.color='#ffffff';\" style=\"border-color:#666666; color:#666666;\" class=\"vc_general vc_btn3 vc_btn3-size-md vc_btn3-shape-rounded vc_btn3-style-outline-custom vc_btn3-icon-left\" href=\"https:\/\/ciro-trail.com\/restoran-staklo-pocitelj\/\" title=\"\"><i class=\"vc_btn3-icon fab fa-internet-explorer\"><\/i> Learn more...<\/a><\/div>\n        <\/div>\n      <\/div>\n    <\/div>\n  <\/div>\n<\/div><div class=\"vc-hoverbox-wrapper  vc-hoverbox-shape--rounded vc-hoverbox-align--center vc-hoverbox-direction--default vc-hoverbox-width--100\"  ontouchstart=\"\">\n  <div class=\"vc-hoverbox\">\n    <div class=\"vc-hoverbox-inner\">\n      <div class=\"vc-hoverbox-block vc-hoverbox-front\" style=\"background-image: url(https:\/\/ciro-trail.com\/wp-content\/uploads\/2022\/11\/Restoran-Storia-naslov-1170x722-1-1024x632.jpeg);\">\n        <div class=\"vc-hoverbox-block-inner vc-hoverbox-front-inner\">\n            <h2 style=\"color: #ffffff;text-align: center;font-family:Abril Fatface;font-weight:400;font-style:normal\" class=\"vc_custom_heading\" ><a href=\"https:\/\/ciro-trail.com\/restoran-storia-capljina\/\">RESTAURANT STORIA \u010cAPLJINA<\/a><\/h2>\n        <\/div>\n      <\/div>\n      <div class=\"vc-hoverbox-block vc-hoverbox-back\" style=\"background-color: #ffffff;\">\n        <div class=\"vc-hoverbox-block-inner vc-hoverbox-back-inner\">\n            <h2 style=\"color: #000000;text-align: center;font-family:Abril Fatface;font-weight:400;font-style:normal\" class=\"vc_custom_heading\" ><a href=\"https:\/\/ciro-trail.com\/restoran-storia-capljina\/\">RESTAURANT STORIA \u010cAPLJINA<\/a><\/h2>\n            <p>You have just discovered a place that will become your favorite destination. The pleasant and warm ambience of the interior, enriched with many objects from the lives of our elders, combined with the pleasant and spacious layout, will truly delight you.<br \/>\nRestaurant Storia \u010capljina offers you professional and discreet service, and our staff will make sure you feel comfortable. Quality prepared and tasty dishes will turn you into our regular guest.<\/p>\n\n            <div class=\"vc_btn3-container vc_btn3-inline\" ><a onmouseleave=\"this.style.borderColor='#666666'; this.style.backgroundColor='transparent'; this.style.color='#666666'\" onmouseenter=\"this.style.borderColor='#666666'; this.style.backgroundColor='#666666'; this.style.color='#ffffff';\" style=\"border-color:#666666; color:#666666;\" class=\"vc_general vc_btn3 vc_btn3-size-md vc_btn3-shape-rounded vc_btn3-style-outline-custom vc_btn3-icon-left\" href=\"https:\/\/ciro-trail.com\/restoran-storia-capljina\/\" title=\"\"><i class=\"vc_btn3-icon fab fa-internet-explorer\"><\/i> Learn more...<\/a><\/div>\n        <\/div>\n      <\/div>\n    <\/div>\n  <\/div>\n<\/div><div class=\"vc-hoverbox-wrapper  vc-hoverbox-shape--rounded vc-hoverbox-align--center vc-hoverbox-direction--default vc-hoverbox-width--100\"  ontouchstart=\"\">\n  <div class=\"vc-hoverbox\">\n    <div class=\"vc-hoverbox-inner\">\n      <div class=\"vc-hoverbox-block vc-hoverbox-front\" style=\"background-image: url(https:\/\/ciro-trail.com\/wp-content\/uploads\/2022\/11\/ognjnisteRavno.jpeg);\">\n        <div class=\"vc-hoverbox-block-inner vc-hoverbox-front-inner\">\n            <h2 style=\"color: #ffffff;text-align: center;font-family:Abril Fatface;font-weight:400;font-style:normal\" class=\"vc_custom_heading\" ><a href=\"https:\/\/ciro-trail.com\/konoba-ognjiste-ravno\/\" title=\"TAVERN \u201cOGNJI\u0160TE\u201d RAVNO\">TAVERN \u201cOGNJI\u0160TE\u201d RAVNO<\/a><\/h2>\n        <\/div>\n      <\/div>\n      <div class=\"vc-hoverbox-block vc-hoverbox-back\" style=\"background-color: #ffffff;\">\n        <div class=\"vc-hoverbox-block-inner vc-hoverbox-back-inner\">\n            <h2 style=\"color: #000000;text-align: center;font-family:Abril Fatface;font-weight:400;font-style:normal\" class=\"vc_custom_heading\" ><a href=\"https:\/\/ciro-trail.com\/konoba-ognjiste-ravno\/\" title=\"TAVERN \u201cOGNJI\u0160TE\u201d RAVNO\">TAVERN \u201cOGNJI\u0160TE\u201d RAVNO<\/a><\/h2>\n            <p>Restaurant-tavern Ognji\u0161te Trebinja is located in an idyllic plain north of Slano, 8 km from the Adriatic highway.<\/p>\n<p>It is the only facility within a radius of 2 km, so it primarily offers peace and quiet.<\/p>\n\n            <div class=\"vc_btn3-container vc_btn3-inline\" ><a onmouseleave=\"this.style.borderColor='#666666'; this.style.backgroundColor='transparent'; this.style.color='#666666'\" onmouseenter=\"this.style.borderColor='#666666'; this.style.backgroundColor='#666666'; this.style.color='#ffffff';\" style=\"border-color:#666666; color:#666666;\" class=\"vc_general vc_btn3 vc_btn3-size-md vc_btn3-shape-rounded vc_btn3-style-outline-custom vc_btn3-icon-left\" href=\"https:\/\/ciro-trail.com\/konoba-ognjiste-ravno\/\" title=\"TAVERN \u201cOGNJI\u0160TE\u201d RAVNO\"><i class=\"vc_btn3-icon fab fa-internet-explorer\"><\/i> Learn more...<\/a><\/div>\n        <\/div>\n      <\/div>\n    <\/div>\n  <\/div>\n<\/div><div class=\"vc-hoverbox-wrapper  vc-hoverbox-shape--rounded vc-hoverbox-align--center vc-hoverbox-direction--default vc-hoverbox-width--100\"  ontouchstart=\"\">\n  <div class=\"vc-hoverbox\">\n    <div class=\"vc-hoverbox-inner\">\n      <div class=\"vc-hoverbox-block vc-hoverbox-front\" style=\"background-image: url(https:\/\/ciro-trail.com\/wp-content\/uploads\/2022\/11\/Konoba-oblat-naslov.jpeg);\">\n        <div class=\"vc-hoverbox-block-inner vc-hoverbox-front-inner\">\n            <h2 style=\"color: #ffffff;text-align: center;font-family:Abril Fatface;font-weight:400;font-style:normal\" class=\"vc_custom_heading\" ><a href=\"https:\/\/ciro-trail.com\/konoba-oblat-ravno\/\" title=\"TAVERN \u201cOBLAT\u201d RAVNO\">TAVERN \u201cOBLAT\u201d RAVNO<\/a><\/h2>\n        <\/div>\n      <\/div>\n      <div class=\"vc-hoverbox-block vc-hoverbox-back\" style=\"background-color: #ffffff;\">\n        <div class=\"vc-hoverbox-block-inner vc-hoverbox-back-inner\">\n            <h2 style=\"color: #000000;text-align: center;font-family:Abril Fatface;font-weight:400;font-style:normal\" class=\"vc_custom_heading\" ><a href=\"https:\/\/ciro-trail.com\/konoba-oblat-ravno\/\" title=\"TAVERN \u201cOBLAT\u201d RAVNO\">TAVERN \u201cOBLAT\u201d RAVNO<\/a><\/h2>\n            <p>Restaurant Oblat is a typical Herzegovinian tavern where you can taste lamb and goat meat under the oven and feel the charm of a small Herzegovinian settlement. With friendly hosts, this tavern located in the center of Ravni, along the road that leads to the Vjetrenica cave, also offers local wines and grape brandy. The restaurant has 50 seats.<\/p>\n\n            <div class=\"vc_btn3-container vc_btn3-inline\" ><a onmouseleave=\"this.style.borderColor='#666666'; this.style.backgroundColor='transparent'; this.style.color='#666666'\" onmouseenter=\"this.style.borderColor='#666666'; this.style.backgroundColor='#666666'; this.style.color='#ffffff';\" style=\"border-color:#666666; color:#666666;\" class=\"vc_general vc_btn3 vc_btn3-size-md vc_btn3-shape-rounded vc_btn3-style-outline-custom vc_btn3-icon-left\" href=\"https:\/\/ciro-trail.com\/konoba-oblat-ravno\/\" title=\"TAVERN \u201cOBLAT\u201d RAVNO\"><i class=\"vc_btn3-icon fab fa-internet-explorer\"><\/i> Learn more...<\/a><\/div>\n        <\/div>\n      <\/div>\n    <\/div>\n  <\/div>\n<\/div><div class=\"vc-hoverbox-wrapper  vc-hoverbox-shape--rounded vc-hoverbox-align--center vc-hoverbox-direction--default vc-hoverbox-width--100\"  ontouchstart=\"\">\n  <div class=\"vc-hoverbox\">\n    <div class=\"vc-hoverbox-inner\">\n      <div class=\"vc-hoverbox-block vc-hoverbox-front\" style=\"background-image: url(https:\/\/ciro-trail.com\/wp-content\/uploads\/2022\/11\/ElPaso-slika-naslov.jpeg);\">\n        <div class=\"vc-hoverbox-block-inner vc-hoverbox-front-inner\">\n            <h2 style=\"color: #ffffff;text-align: center;font-family:Abril Fatface;font-weight:400;font-style:normal\" class=\"vc_custom_heading\" ><a href=\"https:\/\/ciro-trail.com\/restoran-el-paso-ivanica\/\" title=\"RESTAURANT \u201cEL PASO\u201d IVANICA\">RESTAURANT \u201cEL PASO\u201d IVANICA<\/a><\/h2>\n        <\/div>\n      <\/div>\n      <div class=\"vc-hoverbox-block vc-hoverbox-back\" style=\"background-color: #ffffff;\">\n        <div class=\"vc-hoverbox-block-inner vc-hoverbox-back-inner\">\n            <h2 style=\"color: #000000;text-align: center;font-family:Abril Fatface;font-weight:400;font-style:normal\" class=\"vc_custom_heading\" ><a href=\"https:\/\/ciro-trail.com\/restoran-el-paso-ivanica\/\" title=\"RESTAURANT \u201cEL PASO\u201d IVANICA\">RESTAURANT \u201cEL PASO\u201d IVANICA<\/a><\/h2>\n            <p>Restaurant El Paso is located near the Ivanica-Brgat border crossing. The restaurant has 50 seats indoors and 60 seats on two open terraces.<\/p>\n<p>One terrace offers a view of Cavtat and the Adriatic Sea. The restaurant offers food and various beverages.<\/p>\n\n            <div class=\"vc_btn3-container vc_btn3-inline\" ><a onmouseleave=\"this.style.borderColor='#666666'; this.style.backgroundColor='transparent'; this.style.color='#666666'\" onmouseenter=\"this.style.borderColor='#666666'; this.style.backgroundColor='#666666'; this.style.color='#ffffff';\" style=\"border-color:#666666; color:#666666;\" class=\"vc_general vc_btn3 vc_btn3-size-md vc_btn3-shape-rounded vc_btn3-style-outline-custom vc_btn3-icon-left\" href=\"https:\/\/ciro-trail.com\/restoran-el-paso-ivanica\/\" title=\"RESTAURANT \u201cEL PASO\u201d IVANICA\"><i class=\"vc_btn3-icon fab fa-internet-explorer\"><\/i> Learn more...<\/a><\/div>\n        <\/div>\n      <\/div>\n    <\/div>\n  <\/div>\n<\/div><div class=\"vc-hoverbox-wrapper  vc-hoverbox-shape--rounded vc-hoverbox-align--center vc-hoverbox-direction--default vc-hoverbox-width--100\"  ontouchstart=\"\">\n  <div class=\"vc-hoverbox\">\n    <div class=\"vc-hoverbox-inner\">\n      <div class=\"vc-hoverbox-block vc-hoverbox-front\" style=\"background-image: url(https:\/\/ciro-trail.com\/wp-content\/uploads\/2022\/11\/Gazdinstvo-Kisin-naslov-1170x851-1-1024x745.jpeg);\">\n        <div class=\"vc-hoverbox-block-inner vc-hoverbox-front-inner\">\n            <h2 style=\"color: #ffffff;text-align: center;font-family:Abril Fatface;font-weight:400;font-style:normal\" class=\"vc_custom_heading\" ><a href=\"https:\/\/ciro-trail.com\/ruralni-turizam-gazdinstvo-kisin\/\" title=\"RURAL TOURISM FARMING KISIN\">RURAL TOURISM FARMING KISIN<\/a><\/h2>\n        <\/div>\n      <\/div>\n      <div class=\"vc-hoverbox-block vc-hoverbox-back\" style=\"background-color: #ffffff;\">\n        <div class=\"vc-hoverbox-block-inner vc-hoverbox-back-inner\">\n            <h2 style=\"color: #000000;text-align: center;font-family:Abril Fatface;font-weight:400;font-style:normal\" class=\"vc_custom_heading\" ><a href=\"https:\/\/ciro-trail.com\/ruralni-turizam-gazdinstvo-kisin\/\" title=\"RURAL TOURISM FARMING KISIN\">RURAL TOURISM FARMING KISIN<\/a><\/h2>\n            <p>The Kisin Farm is engaged in the production of cheese and cured meat products characteristic of this climate. The farm is also registered as a provider of services in rural tourism.<\/p>\n<p>We are located on the main road Trebinje-Herceg Novi, 10 km from the city of Trebinje, 30 km from the city of Dubrovnik and 40 km from Herceg Novi, at an altitude of 920 m. On the farm there is a mini cheese farm for the production of cow's cheese and a tavern (tourist catering facility with a capacity of 50 people). .<\/p>\n\n            <div class=\"vc_btn3-container vc_btn3-inline\" ><a onmouseleave=\"this.style.borderColor='#666666'; this.style.backgroundColor='transparent'; this.style.color='#666666'\" onmouseenter=\"this.style.borderColor='#666666'; this.style.backgroundColor='#666666'; this.style.color='#ffffff';\" style=\"border-color:#666666; color:#666666;\" class=\"vc_general vc_btn3 vc_btn3-size-md vc_btn3-shape-rounded vc_btn3-style-outline-custom vc_btn3-icon-left\" href=\"https:\/\/ciro-trail.com\/ruralni-turizam-gazdinstvo-kisin\/\" title=\"RURAL TOURISM FARMING KISIN\"><i class=\"vc_btn3-icon fab fa-internet-explorer\"><\/i> Learn more...<\/a><\/div>\n        <\/div>\n      <\/div>\n    <\/div>\n  <\/div>\n<\/div><\/div><\/div><\/div><\/div>","protected":false},"excerpt":{"rendered":"JAFFA PLANTA\u017dE JAFFA PLANTA\u017dE U povijesno va\u017enom i rado posje\u0107enom Blagaju, svoja vrata za goste je otvorila obiteljska tvrtka Jaffa-Komerc d.o.o. Za sve posjetitelje je na raspolaganju 80 ha plata\u017ee koja se mo\u017ee obi\u0107i Jaffa vozi\u0107em ili u \u0161etnji uz pratnju vodi\u010da, pored je i dje\u010dije igrali\u0161te, WC, parking. Na raspolaganju je i ljetna ba\u0161ta [...]","protected":false},"author":4,"featured_media":0,"parent":1899,"menu_order":3,"comment_status":"closed","ping_status":"closed","template":"","meta":{"footnotes":""},"class_list":["post-1910","page","type-page","status-publish","hentry"],"yoast_head":"<!-- This site is optimized with the Yoast SEO Premium plugin v19.4 (Yoast SEO v27.3) - https:\/\/yoast.com\/product\/yoast-seo-premium-wordpress\/ -->\n<title>Hrana i pi\u0107e - \u0106iro Trail<\/title>\n<meta name=\"robots\" content=\"index, follow, max-snippet:-1, max-image-preview:large, max-video-preview:-1\" \/>\n<link rel=\"canonical\" href=\"https:\/\/ciro-trail.com\/en\/bike-friendly-standard\/hrana-i-pice\/\" \/>\n<meta property=\"og:locale\" content=\"en_US\" \/>\n<meta property=\"og:type\" content=\"article\" \/>\n<meta property=\"og:title\" content=\"Hrana i pi\u0107e\" \/>\n<meta property=\"og:url\" content=\"https:\/\/ciro-trail.com\/en\/bike-friendly-standard\/hrana-i-pice\/\" \/>\n<meta property=\"og:site_name\" content=\"\u0106iro Trail\" \/>\n<meta property=\"article:publisher\" content=\"https:\/\/www.facebook.com\/CiroTrail\" \/>\n<meta property=\"article:modified_time\" content=\"2022-11-19T16:06:30+00:00\" \/>\n<meta property=\"og:image\" content=\"https:\/\/ciro-trail.com\/wp-content\/uploads\/2022\/11\/275862836_4869017069879983_4957678225541218879_n.jpeg\" \/>\n\t<meta property=\"og:image:width\" content=\"1200\" \/>\n\t<meta property=\"og:image:height\" content=\"800\" \/>\n\t<meta property=\"og:image:type\" content=\"image\/jpeg\" \/>\n<meta name=\"twitter:card\" content=\"summary_large_image\" \/>\n<script type=\"application\/ld+json\" class=\"yoast-schema-graph\">{\"@context\":\"https:\\\/\\\/schema.org\",\"@graph\":[{\"@type\":\"WebPage\",\"@id\":\"https:\\\/\\\/ciro-trail.com\\\/bike-friendly-standard\\\/hrana-i-pice\\\/\",\"url\":\"https:\\\/\\\/ciro-trail.com\\\/bike-friendly-standard\\\/hrana-i-pice\\\/\",\"name\":\"Hrana i pi\u0107e - \u0106iro Trail\",\"isPartOf\":{\"@id\":\"https:\\\/\\\/ciro-trail.com\\\/#website\"},\"datePublished\":\"2022-11-18T01:45:34+00:00\",\"dateModified\":\"2022-11-19T16:06:30+00:00\",\"breadcrumb\":{\"@id\":\"https:\\\/\\\/ciro-trail.com\\\/bike-friendly-standard\\\/hrana-i-pice\\\/#breadcrumb\"},\"inLanguage\":\"en-US\",\"potentialAction\":[{\"@type\":\"ReadAction\",\"target\":[\"https:\\\/\\\/ciro-trail.com\\\/bike-friendly-standard\\\/hrana-i-pice\\\/\"]}]},{\"@type\":\"BreadcrumbList\",\"@id\":\"https:\\\/\\\/ciro-trail.com\\\/bike-friendly-standard\\\/hrana-i-pice\\\/#breadcrumb\",\"itemListElement\":[{\"@type\":\"ListItem\",\"position\":1,\"name\":\"Home\",\"item\":\"https:\\\/\\\/ciro-trail.com\\\/\"},{\"@type\":\"ListItem\",\"position\":2,\"name\":\"Bike Friendly Standard\",\"item\":\"https:\\\/\\\/ciro-trail.com\\\/bike-friendly-standard\\\/\"},{\"@type\":\"ListItem\",\"position\":3,\"name\":\"Hrana i pi\u0107e\"}]},{\"@type\":\"WebSite\",\"@id\":\"https:\\\/\\\/ciro-trail.com\\\/#website\",\"url\":\"https:\\\/\\\/ciro-trail.com\\\/\",\"name\":\"\u0106iro Trail\",\"description\":\"Bicikliranjem kroz povijest\",\"publisher\":{\"@id\":\"https:\\\/\\\/ciro-trail.com\\\/#organization\"},\"potentialAction\":[{\"@type\":\"SearchAction\",\"target\":{\"@type\":\"EntryPoint\",\"urlTemplate\":\"https:\\\/\\\/ciro-trail.com\\\/?s={search_term_string}\"},\"query-input\":{\"@type\":\"PropertyValueSpecification\",\"valueRequired\":true,\"valueName\":\"search_term_string\"}}],\"inLanguage\":\"en-US\"},{\"@type\":\"Organization\",\"@id\":\"https:\\\/\\\/ciro-trail.com\\\/#organization\",\"name\":\"\u0106iro Trail\",\"url\":\"https:\\\/\\\/ciro-trail.com\\\/\",\"logo\":{\"@type\":\"ImageObject\",\"inLanguage\":\"en-US\",\"@id\":\"https:\\\/\\\/ciro-trail.com\\\/#\\\/schema\\\/logo\\\/image\\\/\",\"url\":\"https:\\\/\\\/ciro-trail.com\\\/wp-content\\\/uploads\\\/2022\\\/11\\\/cropped-logo-ciro-trail.png\",\"contentUrl\":\"https:\\\/\\\/ciro-trail.com\\\/wp-content\\\/uploads\\\/2022\\\/11\\\/cropped-logo-ciro-trail.png\",\"width\":512,\"height\":512,\"caption\":\"\u0106iro Trail\"},\"image\":{\"@id\":\"https:\\\/\\\/ciro-trail.com\\\/#\\\/schema\\\/logo\\\/image\\\/\"},\"sameAs\":[\"https:\\\/\\\/www.facebook.com\\\/CiroTrail\",\"https:\\\/\\\/www.instagram.com\\\/ciro_trail\\\/?hl=en\"]}]}<\/script>\n<!-- \/ Yoast SEO Premium plugin. -->","yoast_head_json":{"title":"Hrana i pi\u0107e - \u0106iro Trail","robots":{"index":"index","follow":"follow","max-snippet":"max-snippet:-1","max-image-preview":"max-image-preview:large","max-video-preview":"max-video-preview:-1"},"canonical":"https:\/\/ciro-trail.com\/en\/bike-friendly-standard\/hrana-i-pice\/","og_locale":"en_US","og_type":"article","og_title":"Hrana i pi\u0107e","og_url":"https:\/\/ciro-trail.com\/en\/bike-friendly-standard\/hrana-i-pice\/","og_site_name":"\u0106iro Trail","article_publisher":"https:\/\/www.facebook.com\/CiroTrail","article_modified_time":"2022-11-19T16:06:30+00:00","og_image":[{"width":1200,"height":800,"url":"https:\/\/ciro-trail.com\/wp-content\/uploads\/2022\/11\/275862836_4869017069879983_4957678225541218879_n.jpeg","type":"image\/jpeg"}],"twitter_card":"summary_large_image","schema":{"@context":"https:\/\/schema.org","@graph":[{"@type":"WebPage","@id":"https:\/\/ciro-trail.com\/bike-friendly-standard\/hrana-i-pice\/","url":"https:\/\/ciro-trail.com\/bike-friendly-standard\/hrana-i-pice\/","name":"Hrana i pi\u0107e - \u0106iro Trail","isPartOf":{"@id":"https:\/\/ciro-trail.com\/#website"},"datePublished":"2022-11-18T01:45:34+00:00","dateModified":"2022-11-19T16:06:30+00:00","breadcrumb":{"@id":"https:\/\/ciro-trail.com\/bike-friendly-standard\/hrana-i-pice\/#breadcrumb"},"inLanguage":"en-US","potentialAction":[{"@type":"ReadAction","target":["https:\/\/ciro-trail.com\/bike-friendly-standard\/hrana-i-pice\/"]}]},{"@type":"BreadcrumbList","@id":"https:\/\/ciro-trail.com\/bike-friendly-standard\/hrana-i-pice\/#breadcrumb","itemListElement":[{"@type":"ListItem","position":1,"name":"Home","item":"https:\/\/ciro-trail.com\/"},{"@type":"ListItem","position":2,"name":"Bike Friendly Standard","item":"https:\/\/ciro-trail.com\/bike-friendly-standard\/"},{"@type":"ListItem","position":3,"name":"Hrana i pi\u0107e"}]},{"@type":"WebSite","@id":"https:\/\/ciro-trail.com\/#website","url":"https:\/\/ciro-trail.com\/","name":"Ciro Trail","description":"Bicikliranjem kroz povijest","publisher":{"@id":"https:\/\/ciro-trail.com\/#organization"},"potentialAction":[{"@type":"SearchAction","target":{"@type":"EntryPoint","urlTemplate":"https:\/\/ciro-trail.com\/?s={search_term_string}"},"query-input":{"@type":"PropertyValueSpecification","valueRequired":true,"valueName":"search_term_string"}}],"inLanguage":"en-US"},{"@type":"Organization","@id":"https:\/\/ciro-trail.com\/#organization","name":"Ciro Trail","url":"https:\/\/ciro-trail.com\/","logo":{"@type":"ImageObject","inLanguage":"en-US","@id":"https:\/\/ciro-trail.com\/#\/schema\/logo\/image\/","url":"https:\/\/ciro-trail.com\/wp-content\/uploads\/2022\/11\/cropped-logo-ciro-trail.png","contentUrl":"https:\/\/ciro-trail.com\/wp-content\/uploads\/2022\/11\/cropped-logo-ciro-trail.png","width":512,"height":512,"caption":"\u0106iro Trail"},"image":{"@id":"https:\/\/ciro-trail.com\/#\/schema\/logo\/image\/"},"sameAs":["https:\/\/www.facebook.com\/CiroTrail","https:\/\/www.instagram.com\/ciro_trail\/?hl=en"]}]}},"_links":{"self":[{"href":"https:\/\/ciro-trail.com\/en\/wp-json\/wp\/v2\/pages\/1910","targetHints":{"allow":["GET"]}}],"collection":[{"href":"https:\/\/ciro-trail.com\/en\/wp-json\/wp\/v2\/pages"}],"about":[{"href":"https:\/\/ciro-trail.com\/en\/wp-json\/wp\/v2\/types\/page"}],"author":[{"embeddable":true,"href":"https:\/\/ciro-trail.com\/en\/wp-json\/wp\/v2\/users\/4"}],"replies":[{"embeddable":true,"href":"https:\/\/ciro-trail.com\/en\/wp-json\/wp\/v2\/comments?post=1910"}],"version-history":[{"count":13,"href":"https:\/\/ciro-trail.com\/en\/wp-json\/wp\/v2\/pages\/1910\/revisions"}],"predecessor-version":[{"id":2268,"href":"https:\/\/ciro-trail.com\/en\/wp-json\/wp\/v2\/pages\/1910\/revisions\/2268"}],"up":[{"embeddable":true,"href":"https:\/\/ciro-trail.com\/en\/wp-json\/wp\/v2\/pages\/1899"}],"wp:attachment":[{"href":"https:\/\/ciro-trail.com\/en\/wp-json\/wp\/v2\/media?parent=1910"}],"curies":[{"name":"wp","href":"https:\/\/api.w.org\/{rel}","templated":true}]}}