{"id":1908,"date":"2022-11-18T02:44:46","date_gmt":"2022-11-18T01:44:46","guid":{"rendered":"https:\/\/ciro-trail.com\/?page_id=1908"},"modified":"2022-11-18T21:38:08","modified_gmt":"2022-11-18T20:38:08","slug":"bike-hostelshotels","status":"publish","type":"page","link":"https:\/\/ciro-trail.com\/en\/bike-friendly-standard\/bike-hostelshotels\/","title":{"rendered":"Bike Hostels&amp;Hotels"},"content":{"rendered":"<div class=\"row vc_row wpb_row vc_row-fluid\"><div class=\"bs-vc-wrapper\"><div class=\"wpb_column bs-vc-column vc_column_container vc_col-sm-12\"><div class=\"bs-vc-wrapper wpb_wrapper\"><div class=\"vc-hoverbox-wrapper  vc-hoverbox-shape--rounded vc-hoverbox-align--center vc-hoverbox-direction--default vc-hoverbox-width--100\"  ontouchstart=\"\">\n  <div class=\"vc-hoverbox\">\n    <div class=\"vc-hoverbox-inner\">\n      <div class=\"vc-hoverbox-block vc-hoverbox-front\" style=\"background-image: url(https:\/\/ciro-trail.com\/wp-content\/uploads\/2022\/11\/139208267.jpeg);\">\n        <div class=\"vc-hoverbox-block-inner vc-hoverbox-front-inner\">\n            <h2 style=\"color: #ffffff;text-align: center;font-family:Abril Fatface;font-weight:400;font-style:normal\" class=\"vc_custom_heading\" ><a href=\"https:\/\/ciro-trail.com\/five-rivers-mostar\/\">\u201cFIVE RIVERS\u201d MOSTAR<\/a><\/h2>\n        <\/div>\n      <\/div>\n      <div class=\"vc-hoverbox-block vc-hoverbox-back\" style=\"background-color: #ffffff;\">\n        <div class=\"vc-hoverbox-block-inner vc-hoverbox-back-inner\">\n            <h2 style=\"color: #000000;text-align: center;font-family:Abril Fatface;font-weight:400;font-style:normal\" class=\"vc_custom_heading\" ><a href=\"https:\/\/ciro-trail.com\/five-rivers-mostar\/\">\u201cFIVE RIVERS\u201d MOSTAR<\/a><\/h2>\n            <p>Five Rivers is a modern and functional accommodation facility with 5 units, and it belongs to the category of Eco facilities. In addition to quality construction and materials, each unit contains quality equipment necessary for a comfortable stay. Each accommodation unit has a bathroom with a shower cabin. What makes it special is the inner courtyard and terrace surrounded by apartments, which give guests a feeling of real intimacy in the heart of the city of Mostar.<\/p>\n\n            <div class=\"vc_btn3-container vc_btn3-inline\" ><a onmouseleave=\"this.style.borderColor='#666666'; this.style.backgroundColor='transparent'; this.style.color='#666666'\" onmouseenter=\"this.style.borderColor='#666666'; this.style.backgroundColor='#666666'; this.style.color='#ffffff';\" style=\"border-color:#666666; color:#666666;\" class=\"vc_general vc_btn3 vc_btn3-size-md vc_btn3-shape-rounded vc_btn3-style-outline-custom\" href=\"https:\/\/ciro-trail.com\/five-rivers-mostar\/\" title=\"\">Learn more...<\/a><\/div>\n        <\/div>\n      <\/div>\n    <\/div>\n  <\/div>\n<\/div><div class=\"vc-hoverbox-wrapper  vc-hoverbox-shape--rounded vc-hoverbox-align--center vc-hoverbox-direction--default vc-hoverbox-width--100\"  ontouchstart=\"\">\n  <div class=\"vc-hoverbox\">\n    <div class=\"vc-hoverbox-inner\">\n      <div class=\"vc-hoverbox-block vc-hoverbox-front\" style=\"background-image: url(https:\/\/ciro-trail.com\/wp-content\/uploads\/2022\/11\/Objects3420210519073753_Sportsko-avanturisticki-park-Fortica-3.jpeg);\">\n        <div class=\"vc-hoverbox-block-inner vc-hoverbox-front-inner\">\n            <h2 style=\"color: #ffffff;text-align: center;font-family:Abril Fatface;font-weight:400;font-style:normal\" class=\"vc_custom_heading\" ><a href=\"https:\/\/ciro-trail.com\/planinski-dom-fortica\/\">MOUNTAIN LODGE FORTICA<\/a><\/h2>\n        <\/div>\n      <\/div>\n      <div class=\"vc-hoverbox-block vc-hoverbox-back\" style=\"background-color: #ffffff;\">\n        <div class=\"vc-hoverbox-block-inner vc-hoverbox-back-inner\">\n            <h2 style=\"color: #000000;text-align: center;font-family:Abril Fatface;font-weight:400;font-style:normal\" class=\"vc_custom_heading\" ><a href=\"https:\/\/ciro-trail.com\/planinski-dom-fortica\/\">MOUNTAIN LODGE FORTICA<\/a><\/h2>\n            <p>The mountain home of the association is located in a former Italian bunker from World War II that has been restored and now represents the central part of Park Fortica and the starting point for all activities offered in the park. It is located approximately 5 km from the city center. The mountain home has 12 beds, and in addition to accommodation, the home also provides catering services for traditional meals and drinks to all visitors.<\/p>\n\n            <div class=\"vc_btn3-container vc_btn3-inline\" ><a onmouseleave=\"this.style.borderColor='#666666'; this.style.backgroundColor='transparent'; this.style.color='#666666'\" onmouseenter=\"this.style.borderColor='#666666'; this.style.backgroundColor='#666666'; this.style.color='#ffffff';\" style=\"border-color:#666666; color:#666666;\" class=\"vc_general vc_btn3 vc_btn3-size-md vc_btn3-shape-rounded vc_btn3-style-outline-custom\" href=\"https:\/\/ciro-trail.com\/planinski-dom-fortica\/\" title=\"\">Learn more...<\/a><\/div>\n        <\/div>\n      <\/div>\n    <\/div>\n  <\/div>\n<\/div><div class=\"vc-hoverbox-wrapper  vc-hoverbox-shape--rounded vc-hoverbox-align--center vc-hoverbox-direction--default vc-hoverbox-width--100\"  ontouchstart=\"\">\n  <div class=\"vc-hoverbox\">\n    <div class=\"vc-hoverbox-inner\">\n      <div class=\"vc-hoverbox-block vc-hoverbox-front\" style=\"background-image: url(https:\/\/ciro-trail.com\/wp-content\/uploads\/2022\/11\/1_checkinstolac.jpeg);\">\n        <div class=\"vc-hoverbox-block-inner vc-hoverbox-front-inner\">\n            <h2 style=\"color: #ffffff;text-align: center;font-family:Abril Fatface;font-weight:400;font-style:normal\" class=\"vc_custom_heading\" ><a href=\"https:\/\/ciro-trail.com\/guest-house-check-in-stolac\/\" title=\"GUEST HOUSE CHECK IN \u201cSTOLAC\u201d\">GUEST HOUSE CHECK IN \u201cSTOLAC\u201d<\/a><\/h2>\n        <\/div>\n      <\/div>\n      <div class=\"vc-hoverbox-block vc-hoverbox-back\" style=\"background-color: #ffffff;\">\n        <div class=\"vc-hoverbox-block-inner vc-hoverbox-back-inner\">\n            <h2 style=\"color: #000000;text-align: center;font-family:Abril Fatface;font-weight:400;font-style:normal\" class=\"vc_custom_heading\" ><a href=\"https:\/\/ciro-trail.com\/guest-house-check-in-stolac\/\" title=\"GUEST HOUSE CHECK IN \u201cSTOLAC\u201d\">GUEST HOUSE CHECK IN \u201cSTOLAC\u201d<\/a><\/h2>\n            <p>Check In Stolac is located in the most beautiful part of Stolac - a green oasis, right next to the \u0160ari\u0107 House Museum and the \u010car\u0161ija Mosque (Sultan Selim). The Old Town of Vido\u0161ki is also nearby.<\/p>\n<p>Check in Stolac is the place where the whole story of Stolac begins because it offers special accommodation for all travelers and tourists. The accommodation unit of 7 rooms and 2 apartments make a winning combination for visiting this pearl of Herzegovina.<\/p>\n\n            <div class=\"vc_btn3-container vc_btn3-inline\" ><a onmouseleave=\"this.style.borderColor='#666666'; this.style.backgroundColor='transparent'; this.style.color='#666666'\" onmouseenter=\"this.style.borderColor='#666666'; this.style.backgroundColor='#666666'; this.style.color='#ffffff';\" style=\"border-color:#666666; color:#666666;\" class=\"vc_general vc_btn3 vc_btn3-size-md vc_btn3-shape-rounded vc_btn3-style-outline-custom vc_btn3-icon-left\" href=\"https:\/\/ciro-trail.com\/guest-house-check-in-stolac\/\" title=\"GUEST HOUSE CHECK IN \u201cSTOLAC\u201d\"><i class=\"vc_btn3-icon fab fa-internet-explorer\"><\/i> Learn more...<\/a><\/div>\n        <\/div>\n      <\/div>\n    <\/div>\n  <\/div>\n<\/div><div class=\"vc-hoverbox-wrapper  vc-hoverbox-shape--rounded vc-hoverbox-align--center vc-hoverbox-direction--default vc-hoverbox-width--100\"  ontouchstart=\"\">\n  <div class=\"vc-hoverbox\">\n    <div class=\"vc-hoverbox-inner\">\n      <div class=\"vc-hoverbox-block vc-hoverbox-front\" style=\"background-image: url(https:\/\/ciro-trail.com\/wp-content\/uploads\/2022\/11\/227544818_105071905195774_4427058024193405842_n.jpeg);\">\n        <div class=\"vc-hoverbox-block-inner vc-hoverbox-front-inner\">\n            <h2 style=\"color: #ffffff;text-align: center;font-family:Abril Fatface;font-weight:400;font-style:normal\" class=\"vc_custom_heading\" ><a href=\"https:\/\/ciro-trail.com\/villa-rosa-ravno\/\" title=\"VILLA \u201cROSA\u201d RAVNO\">VILLA \u201cROSA\u201d RAVNO<\/a><\/h2>\n        <\/div>\n      <\/div>\n      <div class=\"vc-hoverbox-block vc-hoverbox-back\" style=\"background-color: #ffffff;\">\n        <div class=\"vc-hoverbox-block-inner vc-hoverbox-back-inner\">\n            <h2 style=\"color: #000000;text-align: center;font-family:Abril Fatface;font-weight:400;font-style:normal\" class=\"vc_custom_heading\" ><a href=\"https:\/\/ciro-trail.com\/villa-rosa-ravno\/\" title=\"VILLA \u201cROSA\u201d RAVNO\">VILLA \u201cROSA\u201d RAVNO<\/a><\/h2>\n            <p>Villa Rosa Ravno is an ambient house built in 1900 as part of the Sarajevo-Dubrovnik railway. The house was restored in compliance with all restoration recommendations and guidelines and equipped with comfortable and luxurious equipment. In the yard there is a swimming pool with heated water, a fireplace with a barbecue and secure bike racks. It is located next to the \u0106iro bicycle path itself, to which it once belonged. Previous guests have left excellent reviews.<\/p>\n\n            <div class=\"vc_btn3-container vc_btn3-inline\" ><a onmouseleave=\"this.style.borderColor='#666666'; this.style.backgroundColor='transparent'; this.style.color='#666666'\" onmouseenter=\"this.style.borderColor='#666666'; this.style.backgroundColor='#666666'; this.style.color='#ffffff';\" style=\"border-color:#666666; color:#666666;\" class=\"vc_general vc_btn3 vc_btn3-size-md vc_btn3-shape-rounded vc_btn3-style-outline-custom vc_btn3-icon-left\" href=\"https:\/\/ciro-trail.com\/villa-rosa-ravno\/\" title=\"VILLA \u201cROSA\u201d RAVNO\"><i class=\"vc_btn3-icon fab fa-internet-explorer\"><\/i> Learn more...<\/a><\/div>\n        <\/div>\n      <\/div>\n    <\/div>\n  <\/div>\n<\/div><div class=\"vc-hoverbox-wrapper  vc-hoverbox-shape--rounded vc-hoverbox-align--center vc-hoverbox-direction--default vc-hoverbox-width--100\"  ontouchstart=\"\">\n  <div class=\"vc-hoverbox\">\n    <div class=\"vc-hoverbox-inner\">\n      <div class=\"vc-hoverbox-block vc-hoverbox-front\" style=\"background-image: url(https:\/\/ciro-trail.com\/wp-content\/uploads\/2022\/11\/106756783.jpeg);\">\n        <div class=\"vc-hoverbox-block-inner vc-hoverbox-front-inner\">\n            <h2 style=\"color: #ffffff;text-align: center;font-family:Abril Fatface;font-weight:400;font-style:normal\" class=\"vc_custom_heading\" ><a href=\"https:\/\/ciro-trail.com\/hotel-stanica-ravno\/\" title=\"HOTEL \u201cSTATION\u201d RAVNO\">HOTEL \u201cSTATION\u201d RAVNO<\/a><\/h2>\n        <\/div>\n      <\/div>\n      <div class=\"vc-hoverbox-block vc-hoverbox-back\" style=\"background-color: #ffffff;\">\n        <div class=\"vc-hoverbox-block-inner vc-hoverbox-back-inner\">\n            <h2 style=\"color: #000000;text-align: center;font-family:Abril Fatface;font-weight:400;font-style:normal\" class=\"vc_custom_heading\" ><a href=\"https:\/\/ciro-trail.com\/hotel-stanica-ravno\/\" title=\"HOTEL \u201cSTATION\u201d RAVNO\">HOTEL \u201cSTATION\u201d RAVNO<\/a><\/h2>\n            <p>At the dawn of the twentieth century, Ravno station welcomed passengers on the Dubrovnik-Vienna line. A century later, you are invited to spend an unforgettable stay in Ravno at this former station! In the middle of the beautiful Herzegovinian landscape, within easy reach of the Vjetrenica cave, the karst phenomenon Popovo polje, the town of Slano and two UNESCO gems, Mostar and Dubrovnik, this boutique hotel with a restaurant and wine bar conquers everyone who wants to explore this wonderful region.<\/p>\n\n            <div class=\"vc_btn3-container vc_btn3-inline\" ><a onmouseleave=\"this.style.borderColor='#666666'; this.style.backgroundColor='transparent'; this.style.color='#666666'\" onmouseenter=\"this.style.borderColor='#666666'; this.style.backgroundColor='#666666'; this.style.color='#ffffff';\" style=\"border-color:#666666; color:#666666;\" class=\"vc_general vc_btn3 vc_btn3-size-md vc_btn3-shape-rounded vc_btn3-style-outline-custom vc_btn3-icon-left\" href=\"https:\/\/ciro-trail.com\/hotel-stanica-ravno\/\" title=\"HOTEL \u201cSTATION\u201d RAVNO\"><i class=\"vc_btn3-icon fab fa-internet-explorer\"><\/i> Learn more...<\/a><\/div>\n        <\/div>\n      <\/div>\n    <\/div>\n  <\/div>\n<\/div><div class=\"vc-hoverbox-wrapper  vc-hoverbox-shape--rounded vc-hoverbox-align--center vc-hoverbox-direction--default vc-hoverbox-width--100\"  ontouchstart=\"\">\n  <div class=\"vc-hoverbox\">\n    <div class=\"vc-hoverbox-inner\">\n      <div class=\"vc-hoverbox-block vc-hoverbox-front\" style=\"background-image: url(https:\/\/ciro-trail.com\/wp-content\/uploads\/2022\/11\/zavala-1-1170x656-1-1024x574.jpeg);\">\n        <div class=\"vc-hoverbox-block-inner vc-hoverbox-front-inner\">\n            <h2 style=\"color: #ffffff;text-align: center;font-family:Abril Fatface;font-weight:400;font-style:normal\" class=\"vc_custom_heading\" ><a href=\"https:\/\/ciro-trail.com\/motel-gostionica-zavala\/\" title=\"MOTEL\/GUESTHOUSE ZAVALA\">MOTEL\/GUESTHOUSE ZAVALA<\/a><\/h2>\n        <\/div>\n      <\/div>\n      <div class=\"vc-hoverbox-block vc-hoverbox-back\" style=\"background-color: #ffffff;\">\n        <div class=\"vc-hoverbox-block-inner vc-hoverbox-back-inner\">\n            <h2 style=\"color: #000000;text-align: center;font-family:Abril Fatface;font-weight:400;font-style:normal\" class=\"vc_custom_heading\" ><a href=\"https:\/\/ciro-trail.com\/motel-gostionica-zavala\/\" title=\"MOTEL\/GUESTHOUSE ZAVALA\">MOTEL\/GUESTHOUSE ZAVALA<\/a><\/h2>\n            <p>The Zavala Inn is located in the newly renovated building of the old railway station, which was built in 1901 by the Austro-Hungarian Monarchy. Today, it is part of the \u0106ir bike path and is a real place for cyclists to rest. The immediate vicinity of Vjetrenica, the most famous cave in BiH, a stunning view, home-made food prepared from ingredients grown on the surrounding farms, wine and brandy from our region... are just some of the reasons why we recommend you visit us.<\/p>\n\n            <div class=\"vc_btn3-container vc_btn3-inline\" ><a onmouseleave=\"this.style.borderColor='#666666'; this.style.backgroundColor='transparent'; this.style.color='#666666'\" onmouseenter=\"this.style.borderColor='#666666'; this.style.backgroundColor='#666666'; this.style.color='#ffffff';\" style=\"border-color:#666666; color:#666666;\" class=\"vc_general vc_btn3 vc_btn3-size-md vc_btn3-shape-rounded vc_btn3-style-outline-custom vc_btn3-icon-left\" href=\"https:\/\/ciro-trail.com\/motel-gostionica-zavala\/\" title=\"MOTEL\/GUESTHOUSE ZAVALA\"><i class=\"vc_btn3-icon fab fa-internet-explorer\"><\/i> Learn more...<\/a><\/div>\n        <\/div>\n      <\/div>\n    <\/div>\n  <\/div>\n<\/div><\/div><\/div><\/div><\/div>","protected":false},"excerpt":{"rendered":"\u201cFIVE RIVERS\u201d MOSTAR \u201cFIVE RIVERS\u201d MOSTAR Five Rivers je moderno i funkcionalno ure\u0111en smje\u0161tajni objekat sa 5 jedinica, i spada ukategoriju Eko objekata. Osim kvalitetne izvedbe gradnje i materijala, svaka jedinica sadr\u017ei kvalitetnu opremu potrebnu za ugodan boravak. Svaka smje\u0161tajna jedinica ima kupatilo sa tu\u0161 kabinom. Ono \u0161to ga posebno izdvaja je unutarnje dvori\u0161te i [...]","protected":false},"author":4,"featured_media":0,"parent":1899,"menu_order":2,"comment_status":"closed","ping_status":"closed","template":"","meta":{"footnotes":""},"class_list":["post-1908","page","type-page","status-publish","hentry"],"yoast_head":"<!-- This site is optimized with the Yoast SEO Premium plugin v19.4 (Yoast SEO v27.3) - https:\/\/yoast.com\/product\/yoast-seo-premium-wordpress\/ -->\n<title>Bike Hostels&amp;Hotels - \u0106iro Trail<\/title>\n<meta name=\"robots\" content=\"index, follow, max-snippet:-1, max-image-preview:large, max-video-preview:-1\" \/>\n<link rel=\"canonical\" href=\"https:\/\/ciro-trail.com\/en\/bike-friendly-standard\/bike-hostelshotels\/\" \/>\n<meta property=\"og:locale\" content=\"en_US\" \/>\n<meta property=\"og:type\" content=\"article\" \/>\n<meta property=\"og:title\" content=\"Bike Hostels&amp;Hotels\" \/>\n<meta property=\"og:url\" content=\"https:\/\/ciro-trail.com\/en\/bike-friendly-standard\/bike-hostelshotels\/\" \/>\n<meta property=\"og:site_name\" content=\"\u0106iro Trail\" \/>\n<meta property=\"article:publisher\" content=\"https:\/\/www.facebook.com\/CiroTrail\" \/>\n<meta property=\"article:modified_time\" content=\"2022-11-18T20:38:08+00:00\" \/>\n<meta property=\"og:image\" content=\"https:\/\/ciro-trail.com\/wp-content\/uploads\/2022\/11\/275862836_4869017069879983_4957678225541218879_n.jpeg\" \/>\n\t<meta property=\"og:image:width\" content=\"1200\" \/>\n\t<meta property=\"og:image:height\" content=\"800\" \/>\n\t<meta property=\"og:image:type\" content=\"image\/jpeg\" \/>\n<meta name=\"twitter:card\" content=\"summary_large_image\" \/>\n<script type=\"application\/ld+json\" class=\"yoast-schema-graph\">{\"@context\":\"https:\\\/\\\/schema.org\",\"@graph\":[{\"@type\":\"WebPage\",\"@id\":\"https:\\\/\\\/ciro-trail.com\\\/bike-friendly-standard\\\/bike-hostelshotels\\\/\",\"url\":\"https:\\\/\\\/ciro-trail.com\\\/bike-friendly-standard\\\/bike-hostelshotels\\\/\",\"name\":\"Bike Hostels&amp;Hotels - \u0106iro Trail\",\"isPartOf\":{\"@id\":\"https:\\\/\\\/ciro-trail.com\\\/#website\"},\"datePublished\":\"2022-11-18T01:44:46+00:00\",\"dateModified\":\"2022-11-18T20:38:08+00:00\",\"breadcrumb\":{\"@id\":\"https:\\\/\\\/ciro-trail.com\\\/bike-friendly-standard\\\/bike-hostelshotels\\\/#breadcrumb\"},\"inLanguage\":\"en-US\",\"potentialAction\":[{\"@type\":\"ReadAction\",\"target\":[\"https:\\\/\\\/ciro-trail.com\\\/bike-friendly-standard\\\/bike-hostelshotels\\\/\"]}]},{\"@type\":\"BreadcrumbList\",\"@id\":\"https:\\\/\\\/ciro-trail.com\\\/bike-friendly-standard\\\/bike-hostelshotels\\\/#breadcrumb\",\"itemListElement\":[{\"@type\":\"ListItem\",\"position\":1,\"name\":\"Home\",\"item\":\"https:\\\/\\\/ciro-trail.com\\\/\"},{\"@type\":\"ListItem\",\"position\":2,\"name\":\"Bike Friendly Standard\",\"item\":\"https:\\\/\\\/ciro-trail.com\\\/bike-friendly-standard\\\/\"},{\"@type\":\"ListItem\",\"position\":3,\"name\":\"Bike Hostels&amp;Hotels\"}]},{\"@type\":\"WebSite\",\"@id\":\"https:\\\/\\\/ciro-trail.com\\\/#website\",\"url\":\"https:\\\/\\\/ciro-trail.com\\\/\",\"name\":\"\u0106iro Trail\",\"description\":\"Bicikliranjem kroz povijest\",\"publisher\":{\"@id\":\"https:\\\/\\\/ciro-trail.com\\\/#organization\"},\"potentialAction\":[{\"@type\":\"SearchAction\",\"target\":{\"@type\":\"EntryPoint\",\"urlTemplate\":\"https:\\\/\\\/ciro-trail.com\\\/?s={search_term_string}\"},\"query-input\":{\"@type\":\"PropertyValueSpecification\",\"valueRequired\":true,\"valueName\":\"search_term_string\"}}],\"inLanguage\":\"en-US\"},{\"@type\":\"Organization\",\"@id\":\"https:\\\/\\\/ciro-trail.com\\\/#organization\",\"name\":\"\u0106iro Trail\",\"url\":\"https:\\\/\\\/ciro-trail.com\\\/\",\"logo\":{\"@type\":\"ImageObject\",\"inLanguage\":\"en-US\",\"@id\":\"https:\\\/\\\/ciro-trail.com\\\/#\\\/schema\\\/logo\\\/image\\\/\",\"url\":\"https:\\\/\\\/ciro-trail.com\\\/wp-content\\\/uploads\\\/2022\\\/11\\\/cropped-logo-ciro-trail.png\",\"contentUrl\":\"https:\\\/\\\/ciro-trail.com\\\/wp-content\\\/uploads\\\/2022\\\/11\\\/cropped-logo-ciro-trail.png\",\"width\":512,\"height\":512,\"caption\":\"\u0106iro Trail\"},\"image\":{\"@id\":\"https:\\\/\\\/ciro-trail.com\\\/#\\\/schema\\\/logo\\\/image\\\/\"},\"sameAs\":[\"https:\\\/\\\/www.facebook.com\\\/CiroTrail\",\"https:\\\/\\\/www.instagram.com\\\/ciro_trail\\\/?hl=en\"]}]}<\/script>\n<!-- \/ Yoast SEO Premium plugin. -->","yoast_head_json":{"title":"Bike Hostels&amp;Hotels - \u0106iro Trail","robots":{"index":"index","follow":"follow","max-snippet":"max-snippet:-1","max-image-preview":"max-image-preview:large","max-video-preview":"max-video-preview:-1"},"canonical":"https:\/\/ciro-trail.com\/en\/bike-friendly-standard\/bike-hostelshotels\/","og_locale":"en_US","og_type":"article","og_title":"Bike Hostels&amp;Hotels","og_url":"https:\/\/ciro-trail.com\/en\/bike-friendly-standard\/bike-hostelshotels\/","og_site_name":"\u0106iro Trail","article_publisher":"https:\/\/www.facebook.com\/CiroTrail","article_modified_time":"2022-11-18T20:38:08+00:00","og_image":[{"width":1200,"height":800,"url":"https:\/\/ciro-trail.com\/wp-content\/uploads\/2022\/11\/275862836_4869017069879983_4957678225541218879_n.jpeg","type":"image\/jpeg"}],"twitter_card":"summary_large_image","schema":{"@context":"https:\/\/schema.org","@graph":[{"@type":"WebPage","@id":"https:\/\/ciro-trail.com\/bike-friendly-standard\/bike-hostelshotels\/","url":"https:\/\/ciro-trail.com\/bike-friendly-standard\/bike-hostelshotels\/","name":"Bike Hostels&amp;Hotels - \u0106iro Trail","isPartOf":{"@id":"https:\/\/ciro-trail.com\/#website"},"datePublished":"2022-11-18T01:44:46+00:00","dateModified":"2022-11-18T20:38:08+00:00","breadcrumb":{"@id":"https:\/\/ciro-trail.com\/bike-friendly-standard\/bike-hostelshotels\/#breadcrumb"},"inLanguage":"en-US","potentialAction":[{"@type":"ReadAction","target":["https:\/\/ciro-trail.com\/bike-friendly-standard\/bike-hostelshotels\/"]}]},{"@type":"BreadcrumbList","@id":"https:\/\/ciro-trail.com\/bike-friendly-standard\/bike-hostelshotels\/#breadcrumb","itemListElement":[{"@type":"ListItem","position":1,"name":"Home","item":"https:\/\/ciro-trail.com\/"},{"@type":"ListItem","position":2,"name":"Bike Friendly Standard","item":"https:\/\/ciro-trail.com\/bike-friendly-standard\/"},{"@type":"ListItem","position":3,"name":"Bike Hostels&amp;Hotels"}]},{"@type":"WebSite","@id":"https:\/\/ciro-trail.com\/#website","url":"https:\/\/ciro-trail.com\/","name":"Ciro Trail","description":"Bicikliranjem kroz povijest","publisher":{"@id":"https:\/\/ciro-trail.com\/#organization"},"potentialAction":[{"@type":"SearchAction","target":{"@type":"EntryPoint","urlTemplate":"https:\/\/ciro-trail.com\/?s={search_term_string}"},"query-input":{"@type":"PropertyValueSpecification","valueRequired":true,"valueName":"search_term_string"}}],"inLanguage":"en-US"},{"@type":"Organization","@id":"https:\/\/ciro-trail.com\/#organization","name":"Ciro Trail","url":"https:\/\/ciro-trail.com\/","logo":{"@type":"ImageObject","inLanguage":"en-US","@id":"https:\/\/ciro-trail.com\/#\/schema\/logo\/image\/","url":"https:\/\/ciro-trail.com\/wp-content\/uploads\/2022\/11\/cropped-logo-ciro-trail.png","contentUrl":"https:\/\/ciro-trail.com\/wp-content\/uploads\/2022\/11\/cropped-logo-ciro-trail.png","width":512,"height":512,"caption":"\u0106iro Trail"},"image":{"@id":"https:\/\/ciro-trail.com\/#\/schema\/logo\/image\/"},"sameAs":["https:\/\/www.facebook.com\/CiroTrail","https:\/\/www.instagram.com\/ciro_trail\/?hl=en"]}]}},"_links":{"self":[{"href":"https:\/\/ciro-trail.com\/en\/wp-json\/wp\/v2\/pages\/1908","targetHints":{"allow":["GET"]}}],"collection":[{"href":"https:\/\/ciro-trail.com\/en\/wp-json\/wp\/v2\/pages"}],"about":[{"href":"https:\/\/ciro-trail.com\/en\/wp-json\/wp\/v2\/types\/page"}],"author":[{"embeddable":true,"href":"https:\/\/ciro-trail.com\/en\/wp-json\/wp\/v2\/users\/4"}],"replies":[{"embeddable":true,"href":"https:\/\/ciro-trail.com\/en\/wp-json\/wp\/v2\/comments?post=1908"}],"version-history":[{"count":33,"href":"https:\/\/ciro-trail.com\/en\/wp-json\/wp\/v2\/pages\/1908\/revisions"}],"predecessor-version":[{"id":2233,"href":"https:\/\/ciro-trail.com\/en\/wp-json\/wp\/v2\/pages\/1908\/revisions\/2233"}],"up":[{"embeddable":true,"href":"https:\/\/ciro-trail.com\/en\/wp-json\/wp\/v2\/pages\/1899"}],"wp:attachment":[{"href":"https:\/\/ciro-trail.com\/en\/wp-json\/wp\/v2\/media?parent=1908"}],"curies":[{"name":"wp","href":"https:\/\/api.w.org\/{rel}","templated":true}]}}