{"id":1769,"date":"2022-11-17T15:07:21","date_gmt":"2022-11-17T14:07:21","guid":{"rendered":"https:\/\/ciro-trail.com\/?page_id=1769"},"modified":"2022-11-21T13:26:19","modified_gmt":"2022-11-21T12:26:19","slug":"ciro-heritage","status":"publish","type":"page","link":"https:\/\/ciro-trail.com\/en\/ciro-heritage\/","title":{"rendered":"\u0106IRO HERITAGE"},"content":{"rendered":"<div class=\"wp-block-image\">\n<figure class=\"aligncenter size-large is-resized\"><img loading=\"lazy\" decoding=\"async\" src=\"https:\/\/ciro-trail.com\/wp-content\/uploads\/2022\/11\/Ciro-Staza-Svjetske-Bastine-slika-2-1170x780-1-1024x683.jpeg\" alt=\"\" class=\"wp-image-1777\" width=\"840\" height=\"560\" srcset=\"https:\/\/ciro-trail.com\/wp-content\/uploads\/2022\/11\/Ciro-Staza-Svjetske-Bastine-slika-2-1170x780-1-1024x683.jpeg 1024w, https:\/\/ciro-trail.com\/wp-content\/uploads\/2022\/11\/Ciro-Staza-Svjetske-Bastine-slika-2-1170x780-1-300x200.jpeg 300w, https:\/\/ciro-trail.com\/wp-content\/uploads\/2022\/11\/Ciro-Staza-Svjetske-Bastine-slika-2-1170x780-1-768x512.jpeg 768w, https:\/\/ciro-trail.com\/wp-content\/uploads\/2022\/11\/Ciro-Staza-Svjetske-Bastine-slika-2-1170x780-1-391x260.jpeg 391w, https:\/\/ciro-trail.com\/wp-content\/uploads\/2022\/11\/Ciro-Staza-Svjetske-Bastine-slika-2-1170x780-1-18x12.jpeg 18w, https:\/\/ciro-trail.com\/wp-content\/uploads\/2022\/11\/Ciro-Staza-Svjetske-Bastine-slika-2-1170x780-1.jpeg 1170w\" sizes=\"auto, (max-width: 840px) 100vw, 840px\" \/><figcaption class=\"wp-element-caption\">Foto: HerzegovinaBike<\/figcaption><\/figure>\n<\/div>\n\n\n<p class=\"has-text-align-center\">\"<strong>CIRO \u2013 WORLD HERITAGE TRAIL<\/strong>\u201d project: Development of Competitive Local Tourism with the EU support<\/p>\n\n\n\n<blockquote class=\"wp-block-quote is-layout-flow wp-block-quote-is-layout-flow\">\n<p>CIRO WORLD HERITAGE PROJECT<\/p>\n<cite>The project aims to increase the number of visitors and improve the local economy, by creating and connecting content and offers on a bicycle path along the old railway line connecting Stolac, Ravno, Capljina and Mostar. Through the project, which will last 18 months, it is planned to expand the tourist offer of Herzegovina, the area of rich cultural, historical and religious heritage, the area of authentic stories and curiosities. and the end-users are micro, small and medium enterprises, tour operators, tourism organizations, associations, local hotels, motels, restaurants and sports clubs.<\/cite><\/blockquote>\n\n\n\n<p>In 2020, the Coronavirus pandemic has severely struck all industries, especially the sector of tourism, both globally and in Bosnia and Herzegovina. With the aim of revitalisation of this sector, specifically the promotion of local and outdoor tourism, the European Union supported implementation of project <strong><em>\u201c\u0106iro \u2013 World heritage trail\u201d<\/em><\/strong>to increase the number of visitors and improve local economy through creation and bundling of contents and offer on the bicycle route along the old gauge railway that connected Stolac, Ravno, \u010capljina, and Mostar. The 18-month project plans to expand the tourism offer in Herzegovina, a region rich in cultural, historical and religious legacy, with authentic stories and facts. The project is worth more than EUR 370 thousand with the European Union\u2019s contribution of EUR 300 thousand through the EU4Business project in BIH.<\/p>\n\n\n\n<p>The project is implemented by the Regional Development Agency for Herzegovina \u2013 REDAH, the town of \u010capljina, municipalities of Stolac and Ravno, tourism agency Kula Turist from Po\u010ditelj, while the final beneficiaries are small and medium-sized enterprises, tour operators, tourism organisations, associations, local hotels, motels, restaurants and sport clubs.<\/p>\n\n\n\n<p>As Ivica Sivri\u0107, acting Director of REDAH, pointed \u2013 all partners in this project are aware of potentials of the bicycle trail \u0106iro but also of tourism sector, which becomes more and more important every year:&nbsp;<em>\"The goal is to create a recognizable destination in Bosnia and Herzegovina, by connecting a rich cultural and historical tradition with gastronomic and adventure content, which will attract visitors and offer a unique experience. All artisans, companies and individuals who join the value chain on \u0106ira will benefit from key project activities, such as creating a feasibility study and developing a marketing strategy, creating promotional materials and a website, improving infrastructure and organizing a promotional cycling route, and a number of others activities that will connect and promote them. This will result in new tourist products, an increase in the quality of services, the creation of new jobs, and an increase in income.\"<\/em><strong><em>,<\/em><\/strong>&nbsp;said Sivri\u0107.<\/p>\n\n\n\n<p>With the aim of strengthening BIH\u2019s economy EU4Business, stimulates development of entrepreneurship, export-oriented sectors, tourism and agriculture, as well as rural development. EU4Business is worth EUR 16,1 million, and it is co-funded by the European Union with EUR 15 million and the Federal Republic of Germany with EUR 1.1 million. The EU4Business is jointly implemented by GIZ, UNDP and ILO from April 2018 to March 2022. It is part of the Programme for Local Self-Government and Economic Development in Bosnia and Herzegovina of the German Government.<\/p>\n\n\n\n<p><strong>LINKS<\/strong><\/p>\n\n\n\n<ul class=\"wp-block-list\">\n<li><strong>Regional Development Agency for Herzegovina REDAH<\/strong> &#8211; <a href=\"http:\/\/ww.redah.ba\" target=\"_blank\" rel=\"noreferrer noopener\">ww.redah.ba<\/a><\/li>\n<\/ul>\n\n\n\n<ul class=\"wp-block-list\">\n<li><strong>City of Capljina<\/strong> &#8211; <a href=\"http:\/\/www.capljina.ba\" target=\"_blank\" rel=\"noreferrer noopener\">www.capljina.ba<\/a><\/li>\n<\/ul>\n\n\n\n<ul class=\"wp-block-list\">\n<li><strong>Municipality of Stolac<\/strong> &#8211; <a href=\"https:\/\/stolac.gov.ba\/\" target=\"_blank\" rel=\"noreferrer noopener\">www.stolac.gov.ba<\/a><\/li>\n<\/ul>\n\n\n\n<ul class=\"wp-block-list\">\n<li><strong>Municipality of Ravno<\/strong> &#8211;  <a href=\"http:\/\/www.opcinaravno.ba\" target=\"_blank\" rel=\"noreferrer noopener\">www.opcinaravno.ba<\/a><\/li>\n<\/ul>\n\n\n\n<ul class=\"wp-block-list\">\n<li><strong>Tourist agency Kula Turist from Po\u010ditelje<\/strong> &#8211; <a href=\"http:\/\/www.facebook.com\/kulaturistbh\" target=\"_blank\" rel=\"noreferrer noopener\">www.facebook.com\/kulaturistbh<\/a><\/li>\n<\/ul>\n\n\n\n<p>For more information about project \u201c\u0106iro \u2013 World heritage trail\u201d please visit website of the association \"<strong>HerzegovinaBike<\/strong>&#8221;&nbsp;(<a href=\"http:\/\/www.redah.ba\/\">www.herzegovinabike.ba<\/a>), which was involved in the implementation of the project, and where you can find the entire network of cycling routes in Herzegovina.<\/p>\n\n\n\n<figure class=\"wp-block-embed aligncenter is-type-wp-embed is-provider-herzegovina-bike wp-block-embed-herzegovina-bike\"><div class=\"wp-block-embed__wrapper\">\nhttps:\/\/www.herzegovinabike.ba\/staze\/ciro-staza-svjetske-bastine\/\n<\/div><\/figure>\n\n\n\n<p><\/p>\n\n\n\n<p><\/p>","protected":false},"excerpt":{"rendered":"<p>\u201c\u0106IRO \u2013 STAZA SVJETSKE BA\u0160TINE\u201c: Razvoj konkurentnog lokalnog turizma uz podr\u0161ku EU \u0106IRO STAZA SVJETSKE BA\u0160TINE PROJEKT Cilj projekta je pove\u0107ati broj posjetitelja i pobolj\u0161ati lokalno gospodarstvo, stvaranjem i povezivanjem sadr\u017eaja i ponuda biciklisti\u010dkom stazom du\u017e stare \u017eeljezni\u010dke pruge koja povezuje Stolac, Ravno, \u010capljinu i Mostar. Kroz projekt, koji \u0107e trajati 18 mjeseci, planira se [&hellip;]<\/p>","protected":false},"author":4,"featured_media":0,"parent":0,"menu_order":0,"comment_status":"closed","ping_status":"closed","template":"","meta":{"footnotes":""},"class_list":["post-1769","page","type-page","status-publish","hentry"],"yoast_head":"<!-- This site is optimized with the Yoast SEO Premium plugin v19.4 (Yoast SEO v27.3) - https:\/\/yoast.com\/product\/yoast-seo-premium-wordpress\/ -->\n<title>\u0106IRO HERITAGE - \u0106iro Trail<\/title>\n<meta name=\"robots\" content=\"index, follow, max-snippet:-1, max-image-preview:large, max-video-preview:-1\" \/>\n<link rel=\"canonical\" href=\"https:\/\/ciro-trail.com\/en\/ciro-heritage\/\" \/>\n<meta property=\"og:locale\" content=\"en_US\" \/>\n<meta property=\"og:type\" content=\"article\" \/>\n<meta property=\"og:title\" content=\"\u0106IRO HERITAGE\" \/>\n<meta property=\"og:description\" content=\"\u201c\u0106IRO \u2013 STAZA SVJETSKE BA\u0160TINE\u201c: Razvoj konkurentnog lokalnog turizma uz podr\u0161ku EU \u0106IRO STAZA SVJETSKE BA\u0160TINE PROJEKT Cilj projekta je pove\u0107ati broj posjetitelja i pobolj\u0161ati lokalno gospodarstvo, stvaranjem i povezivanjem sadr\u017eaja i ponuda biciklisti\u010dkom stazom du\u017e stare \u017eeljezni\u010dke pruge koja povezuje Stolac, Ravno, \u010capljinu i Mostar. Kroz projekt, koji \u0107e trajati 18 mjeseci, planira se [&hellip;]\" \/>\n<meta property=\"og:url\" content=\"https:\/\/ciro-trail.com\/en\/ciro-heritage\/\" \/>\n<meta property=\"og:site_name\" content=\"\u0106iro Trail\" \/>\n<meta property=\"article:publisher\" content=\"https:\/\/www.facebook.com\/CiroTrail\" \/>\n<meta property=\"article:modified_time\" content=\"2022-11-21T12:26:19+00:00\" \/>\n<meta property=\"og:image\" content=\"https:\/\/ciro-trail.com\/wp-content\/uploads\/2022\/11\/Ciro-Staza-Svjetske-Bastine-slika-2-1170x780-1-1024x683.jpeg\" \/>\n<meta name=\"twitter:card\" content=\"summary_large_image\" \/>\n<meta name=\"twitter:label1\" content=\"Est. reading time\" \/>\n\t<meta name=\"twitter:data1\" content=\"4 minutes\" \/>\n<script type=\"application\/ld+json\" class=\"yoast-schema-graph\">{\"@context\":\"https:\\\/\\\/schema.org\",\"@graph\":[{\"@type\":\"WebPage\",\"@id\":\"https:\\\/\\\/ciro-trail.com\\\/ciro-heritage\\\/\",\"url\":\"https:\\\/\\\/ciro-trail.com\\\/ciro-heritage\\\/\",\"name\":\"\u0106IRO HERITAGE - \u0106iro Trail\",\"isPartOf\":{\"@id\":\"https:\\\/\\\/ciro-trail.com\\\/#website\"},\"primaryImageOfPage\":{\"@id\":\"https:\\\/\\\/ciro-trail.com\\\/ciro-heritage\\\/#primaryimage\"},\"image\":{\"@id\":\"https:\\\/\\\/ciro-trail.com\\\/ciro-heritage\\\/#primaryimage\"},\"thumbnailUrl\":\"https:\\\/\\\/ciro-trail.com\\\/wp-content\\\/uploads\\\/2022\\\/11\\\/Ciro-Staza-Svjetske-Bastine-slika-2-1170x780-1-1024x683.jpeg\",\"datePublished\":\"2022-11-17T14:07:21+00:00\",\"dateModified\":\"2022-11-21T12:26:19+00:00\",\"breadcrumb\":{\"@id\":\"https:\\\/\\\/ciro-trail.com\\\/ciro-heritage\\\/#breadcrumb\"},\"inLanguage\":\"en-US\",\"potentialAction\":[{\"@type\":\"ReadAction\",\"target\":[\"https:\\\/\\\/ciro-trail.com\\\/ciro-heritage\\\/\"]}]},{\"@type\":\"ImageObject\",\"inLanguage\":\"en-US\",\"@id\":\"https:\\\/\\\/ciro-trail.com\\\/ciro-heritage\\\/#primaryimage\",\"url\":\"https:\\\/\\\/ciro-trail.com\\\/wp-content\\\/uploads\\\/2022\\\/11\\\/Ciro-Staza-Svjetske-Bastine-slika-2-1170x780-1-1024x683.jpeg\",\"contentUrl\":\"https:\\\/\\\/ciro-trail.com\\\/wp-content\\\/uploads\\\/2022\\\/11\\\/Ciro-Staza-Svjetske-Bastine-slika-2-1170x780-1-1024x683.jpeg\"},{\"@type\":\"BreadcrumbList\",\"@id\":\"https:\\\/\\\/ciro-trail.com\\\/ciro-heritage\\\/#breadcrumb\",\"itemListElement\":[{\"@type\":\"ListItem\",\"position\":1,\"name\":\"Home\",\"item\":\"https:\\\/\\\/ciro-trail.com\\\/\"},{\"@type\":\"ListItem\",\"position\":2,\"name\":\"\u0106IRO HERITAGE\"}]},{\"@type\":\"WebSite\",\"@id\":\"https:\\\/\\\/ciro-trail.com\\\/#website\",\"url\":\"https:\\\/\\\/ciro-trail.com\\\/\",\"name\":\"\u0106iro Trail\",\"description\":\"Bicikliranjem kroz povijest\",\"publisher\":{\"@id\":\"https:\\\/\\\/ciro-trail.com\\\/#organization\"},\"potentialAction\":[{\"@type\":\"SearchAction\",\"target\":{\"@type\":\"EntryPoint\",\"urlTemplate\":\"https:\\\/\\\/ciro-trail.com\\\/?s={search_term_string}\"},\"query-input\":{\"@type\":\"PropertyValueSpecification\",\"valueRequired\":true,\"valueName\":\"search_term_string\"}}],\"inLanguage\":\"en-US\"},{\"@type\":\"Organization\",\"@id\":\"https:\\\/\\\/ciro-trail.com\\\/#organization\",\"name\":\"\u0106iro Trail\",\"url\":\"https:\\\/\\\/ciro-trail.com\\\/\",\"logo\":{\"@type\":\"ImageObject\",\"inLanguage\":\"en-US\",\"@id\":\"https:\\\/\\\/ciro-trail.com\\\/#\\\/schema\\\/logo\\\/image\\\/\",\"url\":\"https:\\\/\\\/ciro-trail.com\\\/wp-content\\\/uploads\\\/2022\\\/11\\\/cropped-logo-ciro-trail.png\",\"contentUrl\":\"https:\\\/\\\/ciro-trail.com\\\/wp-content\\\/uploads\\\/2022\\\/11\\\/cropped-logo-ciro-trail.png\",\"width\":512,\"height\":512,\"caption\":\"\u0106iro Trail\"},\"image\":{\"@id\":\"https:\\\/\\\/ciro-trail.com\\\/#\\\/schema\\\/logo\\\/image\\\/\"},\"sameAs\":[\"https:\\\/\\\/www.facebook.com\\\/CiroTrail\",\"https:\\\/\\\/www.instagram.com\\\/ciro_trail\\\/?hl=en\"]}]}<\/script>\n<!-- \/ Yoast SEO Premium plugin. -->","yoast_head_json":{"title":"\u0106IRO HERITAGE - \u0106iro Trail","robots":{"index":"index","follow":"follow","max-snippet":"max-snippet:-1","max-image-preview":"max-image-preview:large","max-video-preview":"max-video-preview:-1"},"canonical":"https:\/\/ciro-trail.com\/en\/ciro-heritage\/","og_locale":"en_US","og_type":"article","og_title":"\u0106IRO HERITAGE","og_description":"\u201c\u0106IRO \u2013 STAZA SVJETSKE BA\u0160TINE\u201c: Razvoj konkurentnog lokalnog turizma uz podr\u0161ku EU \u0106IRO STAZA SVJETSKE BA\u0160TINE PROJEKT Cilj projekta je pove\u0107ati broj posjetitelja i pobolj\u0161ati lokalno gospodarstvo, stvaranjem i povezivanjem sadr\u017eaja i ponuda biciklisti\u010dkom stazom du\u017e stare \u017eeljezni\u010dke pruge koja povezuje Stolac, Ravno, \u010capljinu i Mostar. Kroz projekt, koji \u0107e trajati 18 mjeseci, planira se [&hellip;]","og_url":"https:\/\/ciro-trail.com\/en\/ciro-heritage\/","og_site_name":"\u0106iro Trail","article_publisher":"https:\/\/www.facebook.com\/CiroTrail","article_modified_time":"2022-11-21T12:26:19+00:00","og_image":[{"url":"https:\/\/ciro-trail.com\/wp-content\/uploads\/2022\/11\/Ciro-Staza-Svjetske-Bastine-slika-2-1170x780-1-1024x683.jpeg","type":"","width":"","height":""}],"twitter_card":"summary_large_image","twitter_misc":{"Est. reading time":"4 minutes"},"schema":{"@context":"https:\/\/schema.org","@graph":[{"@type":"WebPage","@id":"https:\/\/ciro-trail.com\/ciro-heritage\/","url":"https:\/\/ciro-trail.com\/ciro-heritage\/","name":"\u0106IRO HERITAGE - \u0106iro Trail","isPartOf":{"@id":"https:\/\/ciro-trail.com\/#website"},"primaryImageOfPage":{"@id":"https:\/\/ciro-trail.com\/ciro-heritage\/#primaryimage"},"image":{"@id":"https:\/\/ciro-trail.com\/ciro-heritage\/#primaryimage"},"thumbnailUrl":"https:\/\/ciro-trail.com\/wp-content\/uploads\/2022\/11\/Ciro-Staza-Svjetske-Bastine-slika-2-1170x780-1-1024x683.jpeg","datePublished":"2022-11-17T14:07:21+00:00","dateModified":"2022-11-21T12:26:19+00:00","breadcrumb":{"@id":"https:\/\/ciro-trail.com\/ciro-heritage\/#breadcrumb"},"inLanguage":"en-US","potentialAction":[{"@type":"ReadAction","target":["https:\/\/ciro-trail.com\/ciro-heritage\/"]}]},{"@type":"ImageObject","inLanguage":"en-US","@id":"https:\/\/ciro-trail.com\/ciro-heritage\/#primaryimage","url":"https:\/\/ciro-trail.com\/wp-content\/uploads\/2022\/11\/Ciro-Staza-Svjetske-Bastine-slika-2-1170x780-1-1024x683.jpeg","contentUrl":"https:\/\/ciro-trail.com\/wp-content\/uploads\/2022\/11\/Ciro-Staza-Svjetske-Bastine-slika-2-1170x780-1-1024x683.jpeg"},{"@type":"BreadcrumbList","@id":"https:\/\/ciro-trail.com\/ciro-heritage\/#breadcrumb","itemListElement":[{"@type":"ListItem","position":1,"name":"Home","item":"https:\/\/ciro-trail.com\/"},{"@type":"ListItem","position":2,"name":"\u0106IRO HERITAGE"}]},{"@type":"WebSite","@id":"https:\/\/ciro-trail.com\/#website","url":"https:\/\/ciro-trail.com\/","name":"Ciro Trail","description":"Bicikliranjem kroz povijest","publisher":{"@id":"https:\/\/ciro-trail.com\/#organization"},"potentialAction":[{"@type":"SearchAction","target":{"@type":"EntryPoint","urlTemplate":"https:\/\/ciro-trail.com\/?s={search_term_string}"},"query-input":{"@type":"PropertyValueSpecification","valueRequired":true,"valueName":"search_term_string"}}],"inLanguage":"en-US"},{"@type":"Organization","@id":"https:\/\/ciro-trail.com\/#organization","name":"Ciro Trail","url":"https:\/\/ciro-trail.com\/","logo":{"@type":"ImageObject","inLanguage":"en-US","@id":"https:\/\/ciro-trail.com\/#\/schema\/logo\/image\/","url":"https:\/\/ciro-trail.com\/wp-content\/uploads\/2022\/11\/cropped-logo-ciro-trail.png","contentUrl":"https:\/\/ciro-trail.com\/wp-content\/uploads\/2022\/11\/cropped-logo-ciro-trail.png","width":512,"height":512,"caption":"\u0106iro Trail"},"image":{"@id":"https:\/\/ciro-trail.com\/#\/schema\/logo\/image\/"},"sameAs":["https:\/\/www.facebook.com\/CiroTrail","https:\/\/www.instagram.com\/ciro_trail\/?hl=en"]}]}},"_links":{"self":[{"href":"https:\/\/ciro-trail.com\/en\/wp-json\/wp\/v2\/pages\/1769","targetHints":{"allow":["GET"]}}],"collection":[{"href":"https:\/\/ciro-trail.com\/en\/wp-json\/wp\/v2\/pages"}],"about":[{"href":"https:\/\/ciro-trail.com\/en\/wp-json\/wp\/v2\/types\/page"}],"author":[{"embeddable":true,"href":"https:\/\/ciro-trail.com\/en\/wp-json\/wp\/v2\/users\/4"}],"replies":[{"embeddable":true,"href":"https:\/\/ciro-trail.com\/en\/wp-json\/wp\/v2\/comments?post=1769"}],"version-history":[{"count":15,"href":"https:\/\/ciro-trail.com\/en\/wp-json\/wp\/v2\/pages\/1769\/revisions"}],"predecessor-version":[{"id":2332,"href":"https:\/\/ciro-trail.com\/en\/wp-json\/wp\/v2\/pages\/1769\/revisions\/2332"}],"wp:attachment":[{"href":"https:\/\/ciro-trail.com\/en\/wp-json\/wp\/v2\/media?parent=1769"}],"curies":[{"name":"wp","href":"https:\/\/api.w.org\/{rel}","templated":true}]}}